{"id":9886,"date":"2026-02-03T17:54:29","date_gmt":"2026-02-03T16:54:29","guid":{"rendered":"https:\/\/lisameixner.eu\/?post_type=product&#038;p=9886"},"modified":"2026-02-03T17:57:06","modified_gmt":"2026-02-03T16:57:06","slug":"1-x-abendkurs-topfern-an-der-drehscheibe","status":"publish","type":"product","link":"https:\/\/lisameixner.eu\/de\/produkt\/1-x-abendkurs-topfern-an-der-drehscheibe\/","title":{"rendered":"1 x Abendkurs T\u00f6pfern an der Drehscheibe"},"content":{"rendered":"<p><span style=\"font-size: 14pt;\">1 x 2,5 Stunden<\/span><\/p>\n<p><span style=\"font-size: 14pt;\">18:00- 20:30<\/span><\/p>\n<ul>\n<li>2,5 Unterrichtsstunden<\/li>\n<li>eigene T\u00f6pferscheibe zum \u00dcben<\/li>\n<li>alle Materialien (Ton, Glasuren, Farben)<\/li>\n<li>Schr\u00fchbrand<\/li>\n<li>Glasurbrand<\/li>\n<\/ul>\n","protected":false},"excerpt":{"rendered":"<p>1 x 2,5 Stunden 18:00- 20:30 2,5 Unterrichtsstunden eigene T\u00f6pferscheibe zum \u00dcben alle Materialien (Ton, Glasuren, Farben) Schr\u00fchbrand Glasurbrand<\/p>\n","protected":false},"featured_media":0,"template":"","meta":{"iawp_total_views":23},"product_brand":[],"product_cat":[],"product_tag":[],"class_list":{"0":"post-9886","1":"product","2":"type-product","3":"status-publish","5":"entry","7":"first","8":"instock","9":"virtual","10":"purchasable","11":"product-type-simple"},"_links":{"self":[{"href":"https:\/\/lisameixner.eu\/de\/wp-json\/wp\/v2\/product\/9886","targetHints":{"allow":["GET"]}}],"collection":[{"href":"https:\/\/lisameixner.eu\/de\/wp-json\/wp\/v2\/product"}],"about":[{"href":"https:\/\/lisameixner.eu\/de\/wp-json\/wp\/v2\/types\/product"}],"wp:attachment":[{"href":"https:\/\/lisameixner.eu\/de\/wp-json\/wp\/v2\/media?parent=9886"}],"wp:term":[{"taxonomy":"product_brand","embeddable":true,"href":"https:\/\/lisameixner.eu\/de\/wp-json\/wp\/v2\/product_brand?post=9886"},{"taxonomy":"product_cat","embeddable":true,"href":"https:\/\/lisameixner.eu\/de\/wp-json\/wp\/v2\/product_cat?post=9886"},{"taxonomy":"product_tag","embeddable":true,"href":"https:\/\/lisameixner.eu\/de\/wp-json\/wp\/v2\/product_tag?post=9886"}],"curies":[{"name":"wp","href":"https:\/\/api.w.org\/{rel}","templated":true}]}}