{"id":9884,"date":"2025-09-24T15:02:34","date_gmt":"2025-09-24T13:02:34","guid":{"rendered":"https:\/\/lisameixner.eu\/?post_type=product&#038;p=9884"},"modified":"2026-02-04T12:28:47","modified_gmt":"2026-02-04T11:28:47","slug":"2-x-abendkurs-toepfern","status":"publish","type":"product","link":"https:\/\/lisameixner.eu\/de\/produkt\/2-x-abendkurs-toepfern\/","title":{"rendered":"2 x Abendkurs T\u00f6pfern an der Drehscheibe"},"content":{"rendered":"<p><span style=\"font-size: 14pt;\">2 x 2,5 Stunden<\/span><\/p>\n<p><span style=\"font-size: 14pt;\">18:00- 20:30<\/span><\/p>\n<ul>\n<li>5 Unterrichtsstunden<\/li>\n<li>eigene T\u00f6pferscheibe zum \u00dcben<\/li>\n<li>alle Materialien (Ton, Glasuren, Farben)<\/li>\n<li>Schr\u00fchbrand<\/li>\n<li>Glasurbrand<\/li>\n<\/ul>\n","protected":false},"excerpt":{"rendered":"<p>2 x 2,5 Stunden 18:00- 20:30 5 Unterrichtsstunden eigene T\u00f6pferscheibe zum \u00dcben alle Materialien (Ton, Glasuren, Farben) Schr\u00fchbrand Glasurbrand<\/p>\n","protected":false},"featured_media":0,"template":"","meta":{"iawp_total_views":8},"product_brand":[],"product_cat":[137],"product_tag":[],"class_list":{"0":"post-9884","1":"product","2":"type-product","3":"status-publish","5":"product_cat-uncategorized-de","6":"entry","8":"first","9":"instock","10":"virtual","11":"purchasable","12":"product-type-simple"},"_links":{"self":[{"href":"https:\/\/lisameixner.eu\/de\/wp-json\/wp\/v2\/product\/9884","targetHints":{"allow":["GET"]}}],"collection":[{"href":"https:\/\/lisameixner.eu\/de\/wp-json\/wp\/v2\/product"}],"about":[{"href":"https:\/\/lisameixner.eu\/de\/wp-json\/wp\/v2\/types\/product"}],"wp:attachment":[{"href":"https:\/\/lisameixner.eu\/de\/wp-json\/wp\/v2\/media?parent=9884"}],"wp:term":[{"taxonomy":"product_brand","embeddable":true,"href":"https:\/\/lisameixner.eu\/de\/wp-json\/wp\/v2\/product_brand?post=9884"},{"taxonomy":"product_cat","embeddable":true,"href":"https:\/\/lisameixner.eu\/de\/wp-json\/wp\/v2\/product_cat?post=9884"},{"taxonomy":"product_tag","embeddable":true,"href":"https:\/\/lisameixner.eu\/de\/wp-json\/wp\/v2\/product_tag?post=9884"}],"curies":[{"name":"wp","href":"https:\/\/api.w.org\/{rel}","templated":true}]}}