{"id":6591,"date":"2023-08-03T17:34:30","date_gmt":"2023-08-03T15:34:30","guid":{"rendered":"https:\/\/lisameixner.eu\/product\/mitgliedschaft-fuer-12-monate-online-toepferkurs\/"},"modified":"2024-01-16T18:02:48","modified_gmt":"2024-01-16T17:02:48","slug":"mitgliedschaft-12-monate","status":"publish","type":"product","link":"https:\/\/lisameixner.eu\/de\/produkt\/mitgliedschaft-12-monate\/","title":{"rendered":"Mitgliedschaft f\u00fcr 12 Monate Online-T\u00f6pferkurs"},"content":{"rendered":"<p>Dieser Online-T\u00f6pferkurs ist ein<strong> Videokurs mit dem Sie die Grundlagen des Dreht\u00f6pferns Schritt f\u00fcr Schritt erlernen<\/strong> <strong>und selbstst\u00e4ndig an der eigenen Drehscheibe oder in einer offenen <\/strong>T\u00f6pferwerkstatt \u00fcben k\u00f6nnen. Der 12 Monate Onlinekurs ist <strong>ideal f\u00fcr Teilnehmer*innen meiner Intensiv-T\u00f6pferkurse, die die Kursinhalte zu Hause weiter \u00fcben m\u00f6chten.<\/strong><\/p>\n<p><iframe src=\"https:\/\/player.vimeo.com\/video\/886364475?dnt=1&amp;app_id=122963\" width=\"500\" height=\"281\" frameborder=\"0\" allow=\"autoplay; fullscreen; picture-in-picture; clipboard-write\"><\/iframe><\/p>\n<p><strong><span style=\"font-size: 12pt;\">Die 12-monatige Mitgliedschaft beinhaltet:<\/span><\/strong><\/p>\n<p><span style=\"font-size: 12pt;\"><span style=\"color: #333399;\"><strong>1 Jahr Zugang zu 26 professionellen Video-Tutorials (145 Min.)<\/strong><br \/>\n<\/span> mit denen Sie die Grundlagen des T\u00f6pferns auf der T\u00f6pferscheibe <strong><span style=\"color: #333399;\">mit detailierten Anleitungen<\/span> <\/strong>erlernen und \u00fcben k\u00f6nnen: <\/span><span style=\"font-size: 12pt;\">Ton vorbereiten, <span style=\"color: #333399;\"><strong>Zentrieren<\/strong><\/span>, Wand hochziehen, <strong><span style=\"color: #333399;\">hohe Gef\u00e4\u00dfe, Schalen und Teller drehen<\/span><\/strong>, Abdrehen und viele andere Tipps und Tricks f\u00fcr die Arbeit an der T\u00f6pferscheibe.<\/span><\/p>\n<p>Kurssprache: Englisch<\/p>\n<p><span style=\"font-size: 12pt;\"><span style=\"font-size: 10pt;\"><strong>Bitte beachten Sie, dass<\/strong> es sich bei der Mitgliedschaft <span style=\"text-decoration: underline;\">nicht<\/span> um ein Abonnement mit monatlichen Zahlungen handelt. Sie <strong>endet automatisch nach 12 Monaten<\/strong> und kann durch den Erwerb einer neuen Mitgliedschaft verl\u00e4ngert werden.<\/span><\/span><\/p>\n","protected":false},"excerpt":{"rendered":"<p>Dieser Online-T\u00f6pferkurs ist ein Videokurs mit dem Sie die Grundlagen des Dreht\u00f6pferns Schritt f\u00fcr Schritt erlernen und selbstst\u00e4ndig an der eigenen Drehscheibe oder in einer offenen T\u00f6pferwerkstatt \u00fcben k\u00f6nnen. Der 12 Monate Onlinekurs ist ideal f\u00fcr Teilnehmer*innen meiner Intensiv-T\u00f6pferkurse, die&#8230;<\/p>\n<div class=\"more-link-wrapper\"><a class=\"more-link\" href=\"https:\/\/lisameixner.eu\/de\/produkt\/mitgliedschaft-12-monate\/\">Weiterlesen<span class=\"screen-reader-text\">Mitgliedschaft f\u00fcr 12 Monate Online-T\u00f6pferkurs<\/span><\/a><\/div>\n","protected":false},"featured_media":5192,"template":"","meta":{"iawp_total_views":147},"product_brand":[],"product_cat":[141],"product_tag":[],"class_list":{"0":"post-6591","1":"product","2":"type-product","3":"status-publish","4":"has-post-thumbnail","6":"product_cat-mitgliedschaft","7":"entry","9":"first","10":"instock","11":"virtual","12":"purchasable","13":"product-type-simple"},"_links":{"self":[{"href":"https:\/\/lisameixner.eu\/de\/wp-json\/wp\/v2\/product\/6591","targetHints":{"allow":["GET"]}}],"collection":[{"href":"https:\/\/lisameixner.eu\/de\/wp-json\/wp\/v2\/product"}],"about":[{"href":"https:\/\/lisameixner.eu\/de\/wp-json\/wp\/v2\/types\/product"}],"wp:featuredmedia":[{"embeddable":true,"href":"https:\/\/lisameixner.eu\/de\/wp-json\/wp\/v2\/media\/5192"}],"wp:attachment":[{"href":"https:\/\/lisameixner.eu\/de\/wp-json\/wp\/v2\/media?parent=6591"}],"wp:term":[{"taxonomy":"product_brand","embeddable":true,"href":"https:\/\/lisameixner.eu\/de\/wp-json\/wp\/v2\/product_brand?post=6591"},{"taxonomy":"product_cat","embeddable":true,"href":"https:\/\/lisameixner.eu\/de\/wp-json\/wp\/v2\/product_cat?post=6591"},{"taxonomy":"product_tag","embeddable":true,"href":"https:\/\/lisameixner.eu\/de\/wp-json\/wp\/v2\/product_tag?post=6591"}],"curies":[{"name":"wp","href":"https:\/\/api.w.org\/{rel}","templated":true}]}}