{"id":10123,"date":"2026-04-21T09:58:16","date_gmt":"2026-04-21T07:58:16","guid":{"rendered":"https:\/\/lisameixner.eu\/?post_type=product&#038;p=10123"},"modified":"2026-04-21T11:27:38","modified_gmt":"2026-04-21T09:27:38","slug":"1-x-topfern-eltern-kind","status":"publish","type":"product","link":"https:\/\/lisameixner.eu\/de\/produkt\/1-x-topfern-eltern-kind\/","title":{"rendered":"1 x Eltern &#8211; Kind Kurs T\u00f6pfern an der Drehscheibe"},"content":{"rendered":"<p>60 Minuten Unterricht an der T\u00f6pferscheibe f\u00fcr ein Kind und ein Elternteil<\/p>\n<ul>\n<li>1 Unterrichtsstunde<\/li>\n<li>eigene T\u00f6pferscheibe zum \u00dcben<\/li>\n<li>alle Materialien (Ton, Glasuren, Farben)<\/li>\n<li>Schr\u00fchbrand<\/li>\n<li>Glasurbrand<\/li>\n<\/ul>\n","protected":false},"excerpt":{"rendered":"<p>60 Minuten Unterricht an der T\u00f6pferscheibe f\u00fcr ein Kind und ein Elternteil 1 Unterrichtsstunde eigene T\u00f6pferscheibe zum \u00dcben alle Materialien (Ton, Glasuren, Farben) Schr\u00fchbrand Glasurbrand<\/p>\n","protected":false},"featured_media":0,"template":"","meta":{"iawp_total_views":2},"product_brand":[],"product_cat":[],"product_tag":[],"class_list":{"0":"post-10123","1":"product","2":"type-product","3":"status-publish","5":"entry","7":"first","8":"instock","9":"virtual","10":"purchasable","11":"product-type-simple"},"_links":{"self":[{"href":"https:\/\/lisameixner.eu\/de\/wp-json\/wp\/v2\/product\/10123","targetHints":{"allow":["GET"]}}],"collection":[{"href":"https:\/\/lisameixner.eu\/de\/wp-json\/wp\/v2\/product"}],"about":[{"href":"https:\/\/lisameixner.eu\/de\/wp-json\/wp\/v2\/types\/product"}],"wp:attachment":[{"href":"https:\/\/lisameixner.eu\/de\/wp-json\/wp\/v2\/media?parent=10123"}],"wp:term":[{"taxonomy":"product_brand","embeddable":true,"href":"https:\/\/lisameixner.eu\/de\/wp-json\/wp\/v2\/product_brand?post=10123"},{"taxonomy":"product_cat","embeddable":true,"href":"https:\/\/lisameixner.eu\/de\/wp-json\/wp\/v2\/product_cat?post=10123"},{"taxonomy":"product_tag","embeddable":true,"href":"https:\/\/lisameixner.eu\/de\/wp-json\/wp\/v2\/product_tag?post=10123"}],"curies":[{"name":"wp","href":"https:\/\/api.w.org\/{rel}","templated":true}]}}