{"id":9642,"date":"2026-01-20T09:34:06","date_gmt":"2026-01-20T08:34:06","guid":{"rendered":"https:\/\/lisameixner.eu\/?page_id=9642"},"modified":"2026-03-12T17:59:47","modified_gmt":"2026-03-12T16:59:47","slug":"9-tage-intensivkurs","status":"publish","type":"page","link":"https:\/\/lisameixner.eu\/de\/9-tage-intensivkurs\/","title":{"rendered":"9 Tage Intensivkurs\u200b"},"content":{"rendered":"\t\t<div data-elementor-type=\"wp-page\" data-elementor-id=\"9642\" class=\"elementor elementor-9642\" data-elementor-post-type=\"page\">\n\t\t\t\t\t\t<section class=\"elementor-section elementor-top-section elementor-element elementor-element-187f573 elementor-section-boxed elementor-section-height-default elementor-section-height-default\" data-id=\"187f573\" data-element_type=\"section\" data-e-type=\"section\">\n\t\t\t\t\t\t<div class=\"elementor-container elementor-column-gap-default\">\n\t\t\t\t\t<div class=\"elementor-column elementor-col-100 elementor-top-column elementor-element elementor-element-bc83e75\" data-id=\"bc83e75\" data-element_type=\"column\" data-e-type=\"column\">\n\t\t\t<div class=\"elementor-widget-wrap elementor-element-populated\">\n\t\t\t\t\t\t<div class=\"elementor-element elementor-element-e1e8248 elementor-widget elementor-widget-heading\" data-id=\"e1e8248\" data-element_type=\"widget\" data-e-type=\"widget\" data-widget_type=\"heading.default\">\n\t\t\t\t<div class=\"elementor-widget-container\">\n\t\t\t\t\t<h1 class=\"elementor-heading-title elementor-size-default\">9 Tage Intensivkurs<\/h1>\t\t\t\t<\/div>\n\t\t\t\t<\/div>\n\t\t\t\t<div class=\"elementor-element elementor-element-364f6cd elementor-widget elementor-widget-heading\" data-id=\"364f6cd\" data-element_type=\"widget\" data-e-type=\"widget\" data-widget_type=\"heading.default\">\n\t\t\t\t<div class=\"elementor-widget-container\">\n\t\t\t\t\t<h2 class=\"elementor-heading-title elementor-size-default\">Drehto\u0308pfern, Dekoration mit Engoben, Glasieren, Brennen <\/h2>\t\t\t\t<\/div>\n\t\t\t\t<\/div>\n\t\t\t\t<div class=\"elementor-element elementor-element-0f8a29b elementor-widget elementor-widget-text-editor\" data-id=\"0f8a29b\" data-element_type=\"widget\" data-e-type=\"widget\" data-widget_type=\"text-editor.default\">\n\t\t\t\t<div class=\"elementor-widget-container\">\n\t\t\t\t\t\t\t\t\tKursgebu\u0308hr pro Person 1150,- Euro\n\t\t\t\t\t\t\t\t<\/div>\n\t\t\t\t<\/div>\n\t\t\t\t<div class=\"elementor-element elementor-element-5531b6d elementor-widget elementor-widget-text-editor\" data-id=\"5531b6d\" data-element_type=\"widget\" data-e-type=\"widget\" data-widget_type=\"text-editor.default\">\n\t\t\t\t<div class=\"elementor-widget-container\">\n\t\t\t\t\t\t\t\t\tDer Kurspreis beinhaltet:\n<ul>\n \t<li><strong>25 Unterrichtsstunden a\u0300 60 min. in der To\u0308pferwerkstatt<\/strong><\/li>\n \t<li><strong>Materialien<\/strong>: Ton, Engoben, Farben, Glasuren<\/li>\n \t<li>eigene To\u0308pferscheibe zum U\u0308ben<\/li>\n \t<li><strong>1 Schru\u0308hbrand<\/strong><\/li>\n \t<li><strong>1 Glasurbrand<\/strong><\/li>\n \t<li>Unterricht in einer kleinen Gruppe max. 4 Personen<\/li>\n \t<li class=\"textblau\"><strong>12 Monate Zugang zum Online<\/strong>\u00a0<a style=\"color: #140b7c; text-decoration: underline;\" href=\"https:\/\/lisameixner.eu\/de\/produkt\/mitgliedschaft-12-monate\/\" target=\"_blank\" rel=\"noopener\"><strong>Video Kurs Dreht\u00f6pfen<\/strong>\n<\/a><\/li>\n \t\n<\/ul>\t\t\t\t\t\t\t\t<\/div>\n\t\t\t\t<\/div>\n\t\t\t\t<div class=\"elementor-element elementor-element-b526a9d elementor-widget elementor-widget-text-editor\" data-id=\"b526a9d\" data-element_type=\"widget\" data-e-type=\"widget\" data-widget_type=\"text-editor.default\">\n\t\t\t\t<div class=\"elementor-widget-container\">\n\t\t\t\t\t\t\t\t\t<span class=\"textlila\">Bitte beachten: Der Kurspreis entha\u0308lt keine Versandkosten!<\/span> Im 9 Tage Kurs werden alle St\u00fccke gebrannt\nund fertiggestellt, so dass man seine Keramik direkt mit nach Hause nimmt. Wenn Sie Ihre Keramik per\nPost zugeschickt bekommen mo\u0308chten, kostet dies zusa\u0308tzlich 100 Euro.\t\t\t\t\t\t\t\t<\/div>\n\t\t\t\t<\/div>\n\t\t\t\t<div class=\"elementor-element elementor-element-b81c46b elementor-widget elementor-widget-button\" data-id=\"b81c46b\" data-element_type=\"widget\" data-e-type=\"widget\" data-widget_type=\"button.default\">\n\t\t\t\t<div class=\"elementor-widget-container\">\n\t\t\t\t\t\t\t\t\t<div class=\"elementor-button-wrapper\">\n\t\t\t\t\t<a class=\"elementor-button elementor-button-link elementor-size-sm\" href=\"https:\/\/lisameixner.eu\/wp-content\/uploads\/2026-Infoblatt-9-Tage-Kurs-25-h.pdf\">\n\t\t\t\t\t\t<span class=\"elementor-button-content-wrapper\">\n\t\t\t\t\t\t\t\t\t<span class=\"elementor-button-text\">\u2192  PDF Kursinformationen<\/span>\n\t\t\t\t\t<\/span>\n\t\t\t\t\t<\/a>\n\t\t\t\t<\/div>\n\t\t\t\t\t\t\t\t<\/div>\n\t\t\t\t<\/div>\n\t\t\t\t<div class=\"elementor-element elementor-element-61f7dcc elementor-widget elementor-widget-button\" data-id=\"61f7dcc\" data-element_type=\"widget\" data-e-type=\"widget\" data-widget_type=\"button.default\">\n\t\t\t\t<div class=\"elementor-widget-container\">\n\t\t\t\t\t\t\t\t\t<div class=\"elementor-button-wrapper\">\n\t\t\t\t\t<a class=\"elementor-button elementor-button-link elementor-size-sm\" href=\"https:\/\/lisameixner.eu\/wp-content\/uploads\/2026-Unterkunft_Anreise-6.pdf\">\n\t\t\t\t\t\t<span class=\"elementor-button-content-wrapper\">\n\t\t\t\t\t\t\t\t\t<span class=\"elementor-button-text\">\u2192  PDF Unterkunft &amp; Anreise<\/span>\n\t\t\t\t\t<\/span>\n\t\t\t\t\t<\/a>\n\t\t\t\t<\/div>\n\t\t\t\t\t\t\t\t<\/div>\n\t\t\t\t<\/div>\n\t\t\t\t<div class=\"elementor-element elementor-element-34f4a47 elementor-widget elementor-widget-text-editor\" data-id=\"34f4a47\" data-element_type=\"widget\" data-e-type=\"widget\" data-widget_type=\"text-editor.default\">\n\t\t\t\t<div class=\"elementor-widget-container\">\n\t\t\t\t\t\t\t\t\t<p><strong>Bitte f\u00fcllen Sie das untenstehendes Formular aus, wenn Sie diesen Kurs buchen m\u00f6chten.<\/strong> Ich schicke Ihnen dann eine Vorauszahlungsrechung f\u00fcr den T\u00f6pferkurs. <strong><span class=\"textlila\">Nach Bezahlung der Kursgebu\u0308hr ist die Buchung g\u00fcltig und Sie erhalten die Buchungsbest\u00e4tigung.<\/span><\/strong><\/p>\n<p>Die Stornierungsbedingungen sind flexibel. Alle Infos dazu finden Sie in meinen Allgemeinen Gesch\u00e4ftsbedingungen: https:\/\/www.lisameixner.eu\/agb\/<\/p>\t\t\t\t\t\t\t\t<\/div>\n\t\t\t\t<\/div>\n\t\t\t\t<div class=\"elementor-element elementor-element-f2f7ac2 elementor-widget elementor-widget-text-editor\" data-id=\"f2f7ac2\" data-element_type=\"widget\" data-e-type=\"widget\" data-widget_type=\"text-editor.default\">\n\t\t\t\t<div class=\"elementor-widget-container\">\n\t\t\t\t\t\t\t\t\t<p>Buchungsanfrage 9 Tage Intensivkurs<\/p>\t\t\t\t\t\t\t\t<\/div>\n\t\t\t\t<\/div>\n\t\t\t\t<div class=\"elementor-element elementor-element-8dffe55 elementor-button-align-stretch elementor-widget elementor-widget-form\" data-id=\"8dffe55\" data-element_type=\"widget\" data-e-type=\"widget\" data-settings=\"{&quot;step_next_label&quot;:&quot;weiter&quot;,&quot;step_previous_label&quot;:&quot;zur\\u00fcck&quot;,&quot;button_width&quot;:&quot;100&quot;,&quot;step_type&quot;:&quot;number_text&quot;,&quot;step_icon_shape&quot;:&quot;circle&quot;}\" data-widget_type=\"form.default\">\n\t\t\t\t<div class=\"elementor-widget-container\">\n\t\t\t\t\t\t\t<form class=\"elementor-form\" method=\"post\" name=\"New Form\" aria-label=\"New Form\">\n\t\t\t<input type=\"hidden\" name=\"post_id\" value=\"9642\"\/>\n\t\t\t<input type=\"hidden\" name=\"form_id\" value=\"8dffe55\"\/>\n\t\t\t<input type=\"hidden\" name=\"referer_title\" value=\"\" \/>\n\n\t\t\t\n\t\t\t<div class=\"elementor-form-fields-wrapper elementor-labels-above\">\n\t\t\t\t\t\t\t\t<div class=\"elementor-field-type-text elementor-field-group elementor-column elementor-field-group-field_8dc175c elementor-col-100\">\n\t\t\t\t\t\t\t\t\t\t\t\t<label for=\"form-field-field_8dc175c\" class=\"elementor-field-label\">\n\t\t\t\t\t\t\t\tZeitraum:\t\t\t\t\t\t\t<\/label>\n\t\t\t\t\t\t\t\t\t\t\t\t\t\t<input size=\"1\" type=\"text\" name=\"form_fields[field_8dc175c]\" id=\"form-field-field_8dc175c\" class=\"elementor-field elementor-size-sm  elementor-field-textual\">\n\t\t\t\t\t\t\t\t\t\t\t<\/div>\n\t\t\t\t\t\t\t\t<div class=\"elementor-field-type-text elementor-field-group elementor-column elementor-field-group-field_cbec730 elementor-col-100\">\n\t\t\t\t\t\t\t\t\t\t\t\t<label for=\"form-field-field_cbec730\" class=\"elementor-field-label\">\n\t\t\t\t\t\t\t\tVorname:\t\t\t\t\t\t\t<\/label>\n\t\t\t\t\t\t\t\t\t\t\t\t\t\t<input size=\"1\" type=\"text\" name=\"form_fields[field_cbec730]\" id=\"form-field-field_cbec730\" class=\"elementor-field elementor-size-sm  elementor-field-textual\">\n\t\t\t\t\t\t\t\t\t\t\t<\/div>\n\t\t\t\t\t\t\t\t<div class=\"elementor-field-type-text elementor-field-group elementor-column elementor-field-group-field_cdeefb8 elementor-col-100\">\n\t\t\t\t\t\t\t\t\t\t\t\t<label for=\"form-field-field_cdeefb8\" class=\"elementor-field-label\">\n\t\t\t\t\t\t\t\tName:\t\t\t\t\t\t\t<\/label>\n\t\t\t\t\t\t\t\t\t\t\t\t\t\t<input size=\"1\" type=\"text\" name=\"form_fields[field_cdeefb8]\" id=\"form-field-field_cdeefb8\" class=\"elementor-field elementor-size-sm  elementor-field-textual\">\n\t\t\t\t\t\t\t\t\t\t\t<\/div>\n\t\t\t\t\t\t\t\t<div class=\"elementor-field-type-email elementor-field-group elementor-column elementor-field-group-email elementor-col-100 elementor-field-required\">\n\t\t\t\t\t\t\t\t\t\t\t\t<label for=\"form-field-email\" class=\"elementor-field-label\">\n\t\t\t\t\t\t\t\tEmailadresse:\t\t\t\t\t\t\t<\/label>\n\t\t\t\t\t\t\t\t\t\t\t\t\t\t<input size=\"1\" type=\"email\" name=\"form_fields[email]\" id=\"form-field-email\" class=\"elementor-field elementor-size-sm  elementor-field-textual\" required=\"required\">\n\t\t\t\t\t\t\t\t\t\t\t<\/div>\n\t\t\t\t\t\t\t\t<div class=\"elementor-field-type-radio elementor-field-group elementor-column elementor-field-group-field_8aea50a elementor-col-100 elementor-field-required\">\n\t\t\t\t\t\t\t\t\t\t\t\t<label for=\"form-field-field_8aea50a\" class=\"elementor-field-label\">\n\t\t\t\t\t\t\t\tBitte ankreuzen:\t\t\t\t\t\t\t<\/label>\n\t\t\t\t\t\t<div class=\"elementor-field-subgroup  \"><span class=\"elementor-field-option\"><input type=\"radio\" value=\"Ich bin Anf\u00e4nger\/in.\" id=\"form-field-field_8aea50a-0\" name=\"form_fields[field_8aea50a]\" required=\"required\"> <label for=\"form-field-field_8aea50a-0\">Ich bin Anf\u00e4nger\/in.<\/label><\/span><span class=\"elementor-field-option\"><input type=\"radio\" value=\"Ich habe schon einen T\u00f6pferkurs an der Drehscheibe besucht.\" id=\"form-field-field_8aea50a-1\" name=\"form_fields[field_8aea50a]\" required=\"required\"> <label for=\"form-field-field_8aea50a-1\">Ich habe schon einen T\u00f6pferkurs an der Drehscheibe besucht.<\/label><\/span><span class=\"elementor-field-option\"><input type=\"radio\" value=\"Ich t\u00f6pfere regelm\u00e4\u00dfig in einer offenen Werkstatt oder zu Hause und m\u00f6chte meine Kenntnisse verbessern.\" id=\"form-field-field_8aea50a-2\" name=\"form_fields[field_8aea50a]\" required=\"required\"> <label for=\"form-field-field_8aea50a-2\">Ich t\u00f6pfere regelm\u00e4\u00dfig in einer offenen Werkstatt oder zu Hause und m\u00f6chte meine Kenntnisse verbessern.<\/label><\/span><\/div>\t\t\t\t<\/div>\n\t\t\t\t\t\t\t\t<div class=\"elementor-field-type-textarea elementor-field-group elementor-column elementor-field-group-message elementor-col-100\">\n\t\t\t\t\t\t\t\t\t\t\t\t<label for=\"form-field-message\" class=\"elementor-field-label\">\n\t\t\t\t\t\t\t\tHaben Sie auf Grund von gesundheitlichen Einschr\u00e4nkungen spezielle Bed\u00fcrfnisse?:\t\t\t\t\t\t\t<\/label>\n\t\t\t\t\t\t<textarea class=\"elementor-field-textual elementor-field  elementor-size-sm\" name=\"form_fields[message]\" id=\"form-field-message\" rows=\"3\"><\/textarea>\t\t\t\t<\/div>\n\t\t\t\t\t\t\t\t<div class=\"elementor-field-type-textarea elementor-field-group elementor-column elementor-field-group-field_0b1635d elementor-col-100\">\n\t\t\t\t\t\t\t\t\t\t\t\t<label for=\"form-field-field_0b1635d\" class=\"elementor-field-label\">\n\t\t\t\t\t\t\t\tIhre Rechnungsadresse: \t\t\t\t\t\t\t<\/label>\n\t\t\t\t\t\t<textarea class=\"elementor-field-textual elementor-field  elementor-size-sm\" name=\"form_fields[field_0b1635d]\" id=\"form-field-field_0b1635d\" rows=\"3\" placeholder=\"Stra\u00dfe und Hausnummer, PLZ Ort\"><\/textarea>\t\t\t\t<\/div>\n\t\t\t\t\t\t\t\t<div class=\"elementor-field-type-tel elementor-field-group elementor-column elementor-field-group-field_17e764f elementor-col-100 elementor-field-required\">\n\t\t\t\t\t\t\t\t\t\t\t\t<label for=\"form-field-field_17e764f\" class=\"elementor-field-label\">\n\t\t\t\t\t\t\t\tHandynummer:\t\t\t\t\t\t\t<\/label>\n\t\t\t\t\t\t\t\t<input size=\"1\" type=\"tel\" name=\"form_fields[field_17e764f]\" id=\"form-field-field_17e764f\" class=\"elementor-field elementor-size-sm  elementor-field-textual\" required=\"required\" pattern=\"[0-9()#&amp;+*-=.]+\" title=\"Nur Nummern oder Telefon-Zeichen (#, -, *, etc) werden akzeptiert.\">\n\n\t\t\t\t\t\t<\/div>\n\t\t\t\t\t\t\t\t<div class=\"elementor-field-type-textarea elementor-field-group elementor-column elementor-field-group-field_1dc83b9 elementor-col-100 elementor-field-required\">\n\t\t\t\t\t\t\t\t\t\t\t\t<label for=\"form-field-field_1dc83b9\" class=\"elementor-field-label\">\n\t\t\t\t\t\t\t\tM\u00f6chten Sie in einer der empfohlenen Unterk\u00fcnfte \u00fcbernachten?\t\t\t\t\t\t\t<\/label>\n\t\t\t\t\t\t<textarea class=\"elementor-field-textual elementor-field  elementor-size-sm\" name=\"form_fields[field_1dc83b9]\" id=\"form-field-field_1dc83b9\" rows=\"3\" placeholder=\"Gew\u00fcnschter Zeitraum (An- und Abreisetag), Zimmerart, Anzahl Personen\" required=\"required\"><\/textarea>\t\t\t\t<\/div>\n\t\t\t\t\t\t\t\t<div class=\"elementor-field-type-textarea elementor-field-group elementor-column elementor-field-group-field_9ea6010 elementor-col-100\">\n\t\t\t\t\t\t\t\t\t\t\t\t<label for=\"form-field-field_9ea6010\" class=\"elementor-field-label\">\n\t\t\t\t\t\t\t\tFragen oder Anmerkungen:\t\t\t\t\t\t\t<\/label>\n\t\t\t\t\t\t<textarea class=\"elementor-field-textual elementor-field  elementor-size-sm\" name=\"form_fields[field_9ea6010]\" id=\"form-field-field_9ea6010\" rows=\"3\"><\/textarea>\t\t\t\t<\/div>\n\t\t\t\t\t\t\t\t<div class=\"elementor-field-type-acceptance elementor-field-group elementor-column elementor-field-group-field_3a500f6 elementor-col-100 elementor-field-required\">\n\t\t\t\t\t\t\t<div class=\"elementor-field-subgroup\">\n\t\t\t<span class=\"elementor-field-option\">\n\t\t\t\t<input type=\"checkbox\" name=\"form_fields[field_3a500f6]\" id=\"form-field-field_3a500f6\" class=\"elementor-field elementor-size-sm  elementor-acceptance-field\" required=\"required\">\n\t\t\t\t<label for=\"form-field-field_3a500f6\">Ich habe das PDF Kursinformationen gelesen. <\/label>\t\t\t<\/span>\n\t\t<\/div>\n\t\t\t\t\t\t<\/div>\n\t\t\t\t\t\t\t\t<div class=\"elementor-field-type-acceptance elementor-field-group elementor-column elementor-field-group-field_bcb1e95 elementor-col-100 elementor-field-required\">\n\t\t\t\t\t\t\t<div class=\"elementor-field-subgroup\">\n\t\t\t<span class=\"elementor-field-option\">\n\t\t\t\t<input type=\"checkbox\" name=\"form_fields[field_bcb1e95]\" id=\"form-field-field_bcb1e95\" class=\"elementor-field elementor-size-sm  elementor-acceptance-field\" required=\"required\">\n\t\t\t\t<label for=\"form-field-field_bcb1e95\">Ich habe die <a href=\"\/agb\/\">Kurs-AGB<\/a> gelesen.<\/label>\t\t\t<\/span>\n\t\t<\/div>\n\t\t\t\t\t\t<\/div>\n\t\t\t\t\t\t\t\t<div class=\"elementor-field-type-acceptance elementor-field-group elementor-column elementor-field-group-field_9c774e5 elementor-col-100 elementor-field-required\">\n\t\t\t\t\t\t\t<div class=\"elementor-field-subgroup\">\n\t\t\t<span class=\"elementor-field-option\">\n\t\t\t\t<input type=\"checkbox\" name=\"form_fields[field_9c774e5]\" id=\"form-field-field_9c774e5\" class=\"elementor-field elementor-size-sm  elementor-acceptance-field\" required=\"required\">\n\t\t\t\t<label for=\"form-field-field_9c774e5\">Ich habe die <a href=\"\/de\/data-protection\/\"> Datenschutzerkl\u00e4rung <\/a>gelesen.<\/label>\t\t\t<\/span>\n\t\t<\/div>\n\t\t\t\t\t\t<\/div>\n\t\t\t\t\t\t\t\t<div class=\"elementor-field-group elementor-column elementor-field-type-submit elementor-col-100 e-form__buttons\">\n\t\t\t\t\t<button class=\"elementor-button elementor-size-sm\" type=\"submit\">\n\t\t\t\t\t\t<span class=\"elementor-button-content-wrapper\">\n\t\t\t\t\t\t\t\t\t\t\t\t\t\t\t\t\t\t\t\t\t\t<span class=\"elementor-button-text\">Buchungsanfrage absenden<\/span>\n\t\t\t\t\t\t\t\t\t\t\t\t\t<\/span>\n\t\t\t\t\t<\/button>\n\t\t\t\t<\/div>\n\t\t\t<\/div>\n\t\t<\/form>\n\t\t\t\t\t\t<\/div>\n\t\t\t\t<\/div>\n\t\t\t\t\t<\/div>\n\t\t<\/div>\n\t\t\t\t\t<\/div>\n\t\t<\/section>\n\t\t\t\t<section class=\"elementor-section elementor-top-section elementor-element elementor-element-cff12c5 elementor-section-boxed elementor-section-height-default elementor-section-height-default\" data-id=\"cff12c5\" data-element_type=\"section\" data-e-type=\"section\">\n\t\t\t\t\t\t<div class=\"elementor-container elementor-column-gap-default\">\n\t\t\t\t\t<div class=\"elementor-column elementor-col-100 elementor-top-column elementor-element elementor-element-936ee83\" data-id=\"936ee83\" data-element_type=\"column\" data-e-type=\"column\">\n\t\t\t<div class=\"elementor-widget-wrap\">\n\t\t\t\t\t\t\t<\/div>\n\t\t<\/div>\n\t\t\t\t\t<\/div>\n\t\t<\/section>\n\t\t\t\t<\/div>\n\t\t","protected":false},"excerpt":{"rendered":"<p>9 Tage Intensivkurs Drehto\u0308pfern, Dekoration mit Engoben, Glasieren, Brennen Kursgebu\u0308hr pro Person 1150,- Euro Der Kurspreis beinhaltet: 25 Unterrichtsstunden a\u0300 60 min. in der To\u0308pferwerkstatt Materialien: Ton, Engoben, Farben, Glasuren eigene To\u0308pferscheibe zum U\u0308ben 1 Schru\u0308hbrand 1 Glasurbrand Unterricht in&#8230;<\/p>\n<div class=\"more-link-wrapper\"><a class=\"more-link\" href=\"https:\/\/lisameixner.eu\/de\/9-tage-intensivkurs\/\">Weiterlesen<span class=\"screen-reader-text\">9 Tage Intensivkurs\u200b<\/span><\/a><\/div>\n","protected":false},"author":2,"featured_media":0,"parent":0,"menu_order":0,"comment_status":"closed","ping_status":"closed","template":"","meta":{"iawp_total_views":38,"footnotes":""},"class_list":["post-9642","page","type-page","status-publish","hentry","entry"],"_links":{"self":[{"href":"https:\/\/lisameixner.eu\/de\/wp-json\/wp\/v2\/pages\/9642","targetHints":{"allow":["GET"]}}],"collection":[{"href":"https:\/\/lisameixner.eu\/de\/wp-json\/wp\/v2\/pages"}],"about":[{"href":"https:\/\/lisameixner.eu\/de\/wp-json\/wp\/v2\/types\/page"}],"author":[{"embeddable":true,"href":"https:\/\/lisameixner.eu\/de\/wp-json\/wp\/v2\/users\/2"}],"replies":[{"embeddable":true,"href":"https:\/\/lisameixner.eu\/de\/wp-json\/wp\/v2\/comments?post=9642"}],"version-history":[{"count":13,"href":"https:\/\/lisameixner.eu\/de\/wp-json\/wp\/v2\/pages\/9642\/revisions"}],"predecessor-version":[{"id":10061,"href":"https:\/\/lisameixner.eu\/de\/wp-json\/wp\/v2\/pages\/9642\/revisions\/10061"}],"wp:attachment":[{"href":"https:\/\/lisameixner.eu\/de\/wp-json\/wp\/v2\/media?parent=9642"}],"curies":[{"name":"wp","href":"https:\/\/api.w.org\/{rel}","templated":true}]}}