{"id":7683,"date":"2024-08-07T12:03:15","date_gmt":"2024-08-07T10:03:15","guid":{"rendered":"https:\/\/lisameixner.eu\/?page_id=7683"},"modified":"2026-04-09T12:07:17","modified_gmt":"2026-04-09T10:07:17","slug":"toepferkurse-in-stuttgart","status":"publish","type":"page","link":"https:\/\/lisameixner.eu\/de\/toepferkurse-in-stuttgart\/","title":{"rendered":"T\u00f6pferkurse in Stuttgart &#8211; Offene Keramikwerkstatt in Stuttgart"},"content":{"rendered":"\n<p class=\"has-text-align-center\"><span style=\"font-size: 20pt;\"><strong>T\u00f6pferkurse und offene Werkstatt in Stuttgart <\/strong><\/span><\/p>\n\n\n\n<p><span style=\"font-size: 14pt; color: #333399;\"><strong>Ich unterrichte in meiner Keramikwerkstatt in Stuttgart-West Wochenend-, und Abendkurse an der T\u00f6pferscheibe. <\/strong><\/span><span style=\"font-size: 14pt;\">In den T\u00f6pferkursen lernt man Schritt fu\u0308r Schritt die <strong>Grundkenntnisse des Drehto\u0308pferns: <\/strong>den Ton vorbereiten, auf der To\u0308pferscheibe zentrieren und erste Gefa\u0308\u00dfe formen und mit einem Fussring abddrehen.&nbsp;<\/span><span style=\"font-size: 14pt;\">Die Kurse finden <strong>in kleinen Gruppen<\/strong> in einer entspannten und gleichzeitig konzentrierten Atmospha\u0308re statt, so dass jede\/r in seinem Tempo in den Gestaltungsrythmus an der To\u0308pferscheibe findet. Die Kurse sind <strong>fu\u0308r Anfa\u0308nger*innen und fu\u0308r Fortgeschrittene<\/strong> geeignet, die ihre Kenntnisse auffrischen oder erweitern mo\u0308chten. Der <strong>Kursinhalt wird an die individuellen Vorkenntnisse und Interessen angepasst. <\/strong><\/span><span style=\"font-size: 14pt;\">Ein Schwerpunkt der Kurse ist es, eine angenehme, entspannte Sitzhaltung an der To\u0308pferscheibe zu erlernen, die vor allem das Zentrieren wesentlich erleichtert und eine gute <strong>Vorbereitung fu\u0308r das selbststa\u0308ndige Arbeiten<\/strong> ist. Wenn man die Grundlagen erlernt hat, kann die Keramikwerkstatt in Stuttgart auch als <strong>offene Werkstatt mit Brennservice <\/strong>genutzt werden.&nbsp;<\/span><\/p>\n\n\n<div class=\"wp-block-image\">\n<figure class=\"aligncenter\"><img fetchpriority=\"high\" decoding=\"async\" width=\"1000\" height=\"712\" src=\"https:\/\/lisameixner.eu\/wp-content\/uploads\/DSC02982.jpg\" alt=\"\" class=\"wp-image-9043\" srcset=\"https:\/\/lisameixner.eu\/wp-content\/uploads\/DSC02982.jpg 1000w, https:\/\/lisameixner.eu\/wp-content\/uploads\/DSC02982-768x547.jpg 768w, https:\/\/lisameixner.eu\/wp-content\/uploads\/DSC02982-250x178.jpg 250w, https:\/\/lisameixner.eu\/wp-content\/uploads\/DSC02982-550x392.jpg 550w, https:\/\/lisameixner.eu\/wp-content\/uploads\/DSC02982-800x570.jpg 800w, https:\/\/lisameixner.eu\/wp-content\/uploads\/DSC02982-253x180.jpg 253w, https:\/\/lisameixner.eu\/wp-content\/uploads\/DSC02982-421x300.jpg 421w, https:\/\/lisameixner.eu\/wp-content\/uploads\/DSC02982-702x500.jpg 702w, https:\/\/lisameixner.eu\/wp-content\/uploads\/DSC02982-210x150.jpg 210w, https:\/\/lisameixner.eu\/wp-content\/uploads\/DSC02982-400x285.jpg 400w, https:\/\/lisameixner.eu\/wp-content\/uploads\/DSC02982-600x427.jpg 600w\" sizes=\"(max-width: 1000px) 100vw, 1000px\" \/><\/figure>\n<\/div>\n\n\n<p><\/p>\n\n\n<div class=\"wp-block-image\">\n<figure class=\"aligncenter\"><img decoding=\"async\" width=\"978\" height=\"617\" src=\"https:\/\/lisameixner.eu\/wp-content\/uploads\/Atelier-Stuttgart.jpg\" alt=\"\" class=\"wp-image-8240\" srcset=\"https:\/\/lisameixner.eu\/wp-content\/uploads\/Atelier-Stuttgart.jpg 978w, https:\/\/lisameixner.eu\/wp-content\/uploads\/Atelier-Stuttgart-768x485.jpg 768w, https:\/\/lisameixner.eu\/wp-content\/uploads\/Atelier-Stuttgart-250x158.jpg 250w, https:\/\/lisameixner.eu\/wp-content\/uploads\/Atelier-Stuttgart-550x347.jpg 550w, https:\/\/lisameixner.eu\/wp-content\/uploads\/Atelier-Stuttgart-800x505.jpg 800w, https:\/\/lisameixner.eu\/wp-content\/uploads\/Atelier-Stuttgart-285x180.jpg 285w, https:\/\/lisameixner.eu\/wp-content\/uploads\/Atelier-Stuttgart-476x300.jpg 476w, https:\/\/lisameixner.eu\/wp-content\/uploads\/Atelier-Stuttgart-793x500.jpg 793w, https:\/\/lisameixner.eu\/wp-content\/uploads\/Atelier-Stuttgart-600x379.jpg 600w\" sizes=\"(max-width: 978px) 100vw, 978px\" \/><\/figure>\n<\/div>\n\n\n<hr class=\"wp-block-separator has-alpha-channel-opacity\"\/>\n\n\n\n<p class=\"has-text-align-center\" style=\"font-size:26px\"><strong>Termine T\u00f6pferkurse in Stuttgart 2026 <\/strong><\/p>\n\n\n\n<hr class=\"wp-block-separator has-alpha-channel-opacity\"\/>\n\n\n\n<p class=\"has-text-align-center\" style=\"font-size:26px\"><strong>Abendkurs T\u00f6pfern an der Drehscheibe<\/strong><\/p>\n\n\n<div class=\"wp-block-image size-full wp-image-5190\">\n<figure class=\"aligncenter is-resized\"><img decoding=\"async\" width=\"850\" height=\"850\" src=\"https:\/\/lisameixner.eu\/wp-content\/uploads\/Keramikkurse-19.jpg\" alt=\"\" class=\"wp-image-5190\" style=\"width:426px;height:auto\" srcset=\"https:\/\/lisameixner.eu\/wp-content\/uploads\/Keramikkurse-19.jpg 850w, https:\/\/lisameixner.eu\/wp-content\/uploads\/Keramikkurse-19-300x300.jpg 300w, https:\/\/lisameixner.eu\/wp-content\/uploads\/Keramikkurse-19-100x100.jpg 100w, https:\/\/lisameixner.eu\/wp-content\/uploads\/Keramikkurse-19-600x600.jpg 600w, https:\/\/lisameixner.eu\/wp-content\/uploads\/Keramikkurse-19-768x768.jpg 768w, https:\/\/lisameixner.eu\/wp-content\/uploads\/Keramikkurse-19-48x48.jpg 48w, https:\/\/lisameixner.eu\/wp-content\/uploads\/Keramikkurse-19-250x250.jpg 250w, https:\/\/lisameixner.eu\/wp-content\/uploads\/Keramikkurse-19-550x550.jpg 550w, https:\/\/lisameixner.eu\/wp-content\/uploads\/Keramikkurse-19-800x800.jpg 800w, https:\/\/lisameixner.eu\/wp-content\/uploads\/Keramikkurse-19-180x180.jpg 180w, https:\/\/lisameixner.eu\/wp-content\/uploads\/Keramikkurse-19-500x500.jpg 500w\" sizes=\"(max-width: 850px) 100vw, 850px\" \/><figcaption class=\"wp-element-caption\">Foto: J. Ruatti<\/figcaption><\/figure>\n<\/div>\n\n\n<ul class=\"wp-block-list\">\n<li style=\"font-size:18px\"><strong>pro Abend 2,5&nbsp; Unterrichtsstunden<\/strong><\/li>\n\n\n\n<li style=\"font-size:18px\">eigene T\u00f6pferscheibe zum \u00dcben<\/li>\n\n\n\n<li style=\"font-size:18px\"><strong>Einf\u00fchrung in Dekoration mit Engobenfarben<\/strong><\/li>\n\n\n\n<li style=\"font-size:18px\">individueller Unterricht in einer <strong>kleine Gruppe<\/strong> (max. 2 &#8211; 4 Personen)<\/li>\n\n\n\n<li style=\"font-size:18px\"><strong>fu\u0308r Anfa\u0308nger*innen und Fortgeschrittene<\/strong><\/li>\n\n\n\n<li style=\"font-size:18px\"><strong>geeignet<\/strong> <strong>als Einf\u00fchrungkurs und zum regelm\u00e4\u00dfigen \u00dcben und Weiterlernen <\/strong><\/li>\n\n\n\n<li style=\"font-size:18px\"><span style=\"color: #333399;\"><strong>Kurpreis<\/strong><\/span> inkl. Ton, Glasur und Brand<\/li>\n\n\n\n<li style=\"font-size:18px\"><strong>1. Buchung mind. zwei Abende<\/strong><span style=\"color: #333399;\"><span style=\"color: #333333;\"><strong>&nbsp;<\/strong><b>100,- Euro <\/b><\/span><\/span><\/li>\n\n\n\n<li style=\"font-size:18px\"><b>jeder weitere Abend <\/b><span style=\"color: #333399;\"><span style=\"color: #333333;\"><b>50,- Euro<\/b><\/span><\/span><\/li>\n<\/ul>\n\n\n\n<p style=\"font-size:18px\"><strong>Kurszeiten<\/strong>: jeweils 18:00 &#8211; 20:30 Uhr&nbsp;<\/p>\n\n\n\n<p class=\"has-text-align-center has-large-font-size\"><strong><a href=\"https:\/\/calendly.com\/lisameixner\/evening-class\"><mark style=\"background-color:rgba(0, 0, 0, 0);color:#140b73\" class=\"has-inline-color\">Kurstermin buchen&nbsp;<\/mark><\/a><\/strong><\/p>\n\n\n\n<p style=\"font-size:18px\"><strong>Kontakt<\/strong><a href=\"mailto:lisa@lisameixner.eu\"><strong>: lisa@lisameixner.eu<\/strong><\/a><\/p>\n\n\n\n<p style=\"font-size:18px\"><strong>Tel.:&nbsp;<span style=\"color: #333399;\">0157 76416783<\/span><\/strong><\/p>\n\n\n<div class=\"wp-block-image\">\n<figure class=\"aligncenter is-resized\"><img loading=\"lazy\" decoding=\"async\" width=\"1000\" height=\"616\" src=\"https:\/\/lisameixner.eu\/wp-content\/uploads\/DSC02947.jpg\" alt=\"\" class=\"wp-image-9047\" style=\"aspect-ratio:1.6233765774197388;width:485px;height:auto\" srcset=\"https:\/\/lisameixner.eu\/wp-content\/uploads\/DSC02947.jpg 1000w, https:\/\/lisameixner.eu\/wp-content\/uploads\/DSC02947-768x473.jpg 768w, https:\/\/lisameixner.eu\/wp-content\/uploads\/DSC02947-250x154.jpg 250w, https:\/\/lisameixner.eu\/wp-content\/uploads\/DSC02947-550x339.jpg 550w, https:\/\/lisameixner.eu\/wp-content\/uploads\/DSC02947-800x493.jpg 800w, https:\/\/lisameixner.eu\/wp-content\/uploads\/DSC02947-292x180.jpg 292w, https:\/\/lisameixner.eu\/wp-content\/uploads\/DSC02947-487x300.jpg 487w, https:\/\/lisameixner.eu\/wp-content\/uploads\/DSC02947-812x500.jpg 812w, https:\/\/lisameixner.eu\/wp-content\/uploads\/DSC02947-600x370.jpg 600w\" sizes=\"(max-width: 1000px) 100vw, 1000px\" \/><\/figure>\n<\/div>\n\n\n<hr class=\"wp-block-separator has-alpha-channel-opacity\"\/>\n\n\n\n<p class=\"has-text-align-center\" style=\"font-size:26px\"><strong>T\u00f6pferkurs am Samstag<\/strong><\/p>\n\n\n<div class=\"wp-block-image size-full wp-image-5189\">\n<figure class=\"aligncenter is-resized\"><img loading=\"lazy\" decoding=\"async\" width=\"850\" height=\"850\" src=\"https:\/\/lisameixner.eu\/wp-content\/uploads\/Keramikkurse-18.jpg\" alt=\"\" class=\"wp-image-5189\" style=\"width:406px;height:auto\" srcset=\"https:\/\/lisameixner.eu\/wp-content\/uploads\/Keramikkurse-18.jpg 850w, https:\/\/lisameixner.eu\/wp-content\/uploads\/Keramikkurse-18-300x300.jpg 300w, https:\/\/lisameixner.eu\/wp-content\/uploads\/Keramikkurse-18-100x100.jpg 100w, https:\/\/lisameixner.eu\/wp-content\/uploads\/Keramikkurse-18-600x600.jpg 600w, https:\/\/lisameixner.eu\/wp-content\/uploads\/Keramikkurse-18-768x768.jpg 768w, https:\/\/lisameixner.eu\/wp-content\/uploads\/Keramikkurse-18-48x48.jpg 48w, https:\/\/lisameixner.eu\/wp-content\/uploads\/Keramikkurse-18-250x250.jpg 250w, https:\/\/lisameixner.eu\/wp-content\/uploads\/Keramikkurse-18-550x550.jpg 550w, https:\/\/lisameixner.eu\/wp-content\/uploads\/Keramikkurse-18-800x800.jpg 800w, https:\/\/lisameixner.eu\/wp-content\/uploads\/Keramikkurse-18-180x180.jpg 180w, https:\/\/lisameixner.eu\/wp-content\/uploads\/Keramikkurse-18-500x500.jpg 500w\" sizes=\"(max-width: 850px) 100vw, 850px\" \/><figcaption class=\"wp-element-caption\">Foto: J.Ruatti<\/figcaption><\/figure>\n<\/div>\n\n\n<ul class=\"wp-block-list\">\n<li style=\"font-size:18px\"><strong>pro Termin 2,5 Unterrichtsstunden <\/strong><\/li>\n\n\n\n<li style=\"font-size:18px\">eigene T\u00f6pferscheibe zum \u00dcben<\/li>\n\n\n\n<li style=\"font-size:18px\">individueller Unterricht in einer <strong>kleine Gruppe<\/strong> (max. 2- 4 Personen)<\/li>\n\n\n\n<li style=\"font-size:18px\">Keramik kann im Kurs mit Engoben vielf\u00e4ltig dekoriert oder eingef\u00e4rbt werden.&nbsp;<\/li>\n\n\n\n<li style=\"font-size:18px\"><strong>fu\u0308r Anfa\u0308nger*innen und Fortgeschrittene<\/strong><\/li>\n\n\n\n<li style=\"font-size:18px\"><strong>geeignet<\/strong> <strong>als Einf\u00fchrungkurs und zum regelm\u00e4\u00dfigen \u00dcben und Weiterlernen <\/strong><\/li>\n\n\n\n<li style=\"font-size:18px\"><span style=\"color: #333399;\"><strong>Kurspreis<\/strong> <\/span>inkl. Materialien (Ton, Glasur und Brand): <span style=\"color: #333399;\"><strong>2 Samstage 120,- Euro<\/strong><\/span><\/li>\n<\/ul>\n\n\n\n<p style=\"font-size:18px\"><strong>Kurszeiten:<\/strong> Sa 17:00 &#8211; 19:30 Uhr<\/p>\n\n\n\n<p class=\"has-text-align-center has-large-font-size\"><a href=\"https:\/\/calendly.com\/lisameixner\/topferkurs-am-samstag-saturday-pottery-class\"><strong><mark style=\"background-color:rgba(0, 0, 0, 0);color:#140b73\" class=\"has-inline-color\">Kurstermin buchen<\/mark><\/strong><\/a><\/p>\n\n\n\n<p style=\"font-size:18px\"><strong><span style=\"color: #333399;\">Kontakt: <\/span><\/strong><a href=\"mailto:lisa@lisameixner.eu\"><strong>lisa@lisameixner.eu<\/strong><\/a><\/p>\n\n\n\n<p style=\"font-size:18px\"><strong>Tel.:&nbsp;<span style=\"font-size: 12pt; color: #333399;\">0157 76416783<\/span><\/strong><\/p>\n\n\n\n<hr class=\"wp-block-separator has-alpha-channel-opacity\"\/>\n\n\n\n<p class=\"has-text-color has-link-color has-large-font-size wp-elements-0c3bcabc311bc32ab00e2b1b563ae8b8\" style=\"color:#6a7378\"><strong>2 &#8211; 4 Tage Intensivkurse T\u00f6pfern an der Drehscheiben, Dekoration mit Engoben, Glasieren<\/strong><\/p>\n\n\n<div class=\"wp-block-image\">\n<figure class=\"aligncenter is-resized\"><img loading=\"lazy\" decoding=\"async\" width=\"666\" height=\"1000\" src=\"https:\/\/lisameixner.eu\/wp-content\/uploads\/DSC02925.jpg\" alt=\"\" class=\"wp-image-9045\" style=\"width:332px;height:auto\" srcset=\"https:\/\/lisameixner.eu\/wp-content\/uploads\/DSC02925.jpg 666w, https:\/\/lisameixner.eu\/wp-content\/uploads\/DSC02925-250x375.jpg 250w, https:\/\/lisameixner.eu\/wp-content\/uploads\/DSC02925-550x826.jpg 550w, https:\/\/lisameixner.eu\/wp-content\/uploads\/DSC02925-120x180.jpg 120w, https:\/\/lisameixner.eu\/wp-content\/uploads\/DSC02925-200x300.jpg 200w, https:\/\/lisameixner.eu\/wp-content\/uploads\/DSC02925-333x500.jpg 333w, https:\/\/lisameixner.eu\/wp-content\/uploads\/DSC02925-600x901.jpg 600w\" sizes=\"(max-width: 666px) 100vw, 666px\" \/><\/figure>\n<\/div>\n\n\n<ul class=\"wp-block-list\">\n<li style=\"font-size:18px\"><strong>7 &#8211; 15 Unterrichtststunden<\/strong><\/li>\n\n\n\n<li style=\"font-size:18px\">eigene T\u00f6pferscheibe zum \u00dcben<\/li>\n\n\n\n<li style=\"font-size:18px\">Unterricht in einer <strong>kleine Gruppe<\/strong> (max. 2 &#8211; 4 Personen)<\/li>\n\n\n\n<li style=\"font-size:18px\"><strong>fu\u0308r Anfa\u0308nger*innen und Fortgeschrittene geeignet<\/strong><\/li>\n\n\n\n<li style=\"font-size:18px\">ideal wenn man von ausw\u00e4rts zum Kurs anreist oder nur geblockt Zeit hat<\/li>\n\n\n\n<li style=\"font-size:18px\"><strong>Vorbereitung fu\u0308r das selbststa\u0308ndige Arbeiten <\/strong><\/li>\n\n\n\n<li style=\"font-size:18px\">individuell w\u00e4hlbare Unterrichtsschwerpunkte: Drehen, Glasieren, Brand ect.&nbsp;<\/li>\n\n\n\n<li style=\"font-size:18px\"><span style=\"color: #333399;\"><strong>Kurspreis<\/strong><\/span> inkl. Materialien (Ton, Glasur, Brand): <\/li>\n<\/ul>\n\n\n\n<p style=\"font-size:18px\"><strong>2 <\/strong>Tage \/ 7 Unterrichtsstunden:  <strong>190 Euro<\/strong><\/p>\n\n\n\n<p style=\"font-size:18px\"><strong>3 <\/strong>Tage \/ 12 Unterrichtsstunden: <strong>300 Euro<\/strong><\/p>\n\n\n\n<p style=\"font-size:18px\"><strong>3 Tage \/ <\/strong>15 Unterrichtstunden <strong>370 Euro<\/strong><\/p>\n\n\n\n<p style=\"font-size:18px\">Termine f\u00fcr Intensivkurse T\u00f6pfern in Stuttgart:<\/p>\n\n\n\n<p style=\"font-size:18px\"><strong>23. &#8211; 25. Mai 2026 <\/strong>(2 freie Pl\u00e4tze)<\/p>\n\n\n\n<p style=\"font-size:18px\"><strong>4. &#8211; 6.  Juni 2026 <\/strong> (2 freie Pl\u00e4tze) <\/p>\n\n\n<div class=\"wp-block-image\">\n<figure class=\"aligncenter\"><img loading=\"lazy\" decoding=\"async\" width=\"1000\" height=\"670\" src=\"https:\/\/lisameixner.eu\/wp-content\/uploads\/DSC02964.jpg\" alt=\"\" class=\"wp-image-9041\" srcset=\"https:\/\/lisameixner.eu\/wp-content\/uploads\/DSC02964.jpg 1000w, https:\/\/lisameixner.eu\/wp-content\/uploads\/DSC02964-768x515.jpg 768w, https:\/\/lisameixner.eu\/wp-content\/uploads\/DSC02964-250x168.jpg 250w, https:\/\/lisameixner.eu\/wp-content\/uploads\/DSC02964-550x369.jpg 550w, https:\/\/lisameixner.eu\/wp-content\/uploads\/DSC02964-800x536.jpg 800w, https:\/\/lisameixner.eu\/wp-content\/uploads\/DSC02964-269x180.jpg 269w, https:\/\/lisameixner.eu\/wp-content\/uploads\/DSC02964-448x300.jpg 448w, https:\/\/lisameixner.eu\/wp-content\/uploads\/DSC02964-746x500.jpg 746w, https:\/\/lisameixner.eu\/wp-content\/uploads\/DSC02964-600x402.jpg 600w\" sizes=\"(max-width: 1000px) 100vw, 1000px\" \/><\/figure>\n<\/div>\n\n\n<hr class=\"wp-block-separator has-alpha-channel-opacity\"\/>\n\n\n\n<p style=\"font-size:26px\"><strong>Offene Werkstattnutzung&nbsp;<\/strong><\/p>\n\n\n\n<p style=\"font-size:18px\"><strong>Wer einen l\u00e4ngeren Kurs besucht hat oder die n\u00f6tige Erfahrung mitbringt, kann die Keramikwerkstatt in Stuttgart auch selbstst\u00e4ndig nutzen.&nbsp;<\/strong><\/p>\n\n\n\n<p>Ich biete ab 180 Euro pro Monat <strong>feste Atelierpl\u00e4tze<\/strong> die man selbstst\u00e4ndig nutzen kann. Es ist auch m\u00f6glich eine eigene T\u00f6pferscheibe aufzustellen. Der Brennofen kann ebenfalls mitben\u00fctzt werden.&nbsp;<\/p>\n\n\n\n<p>Ab Oktober gibt es au\u00dferdem am Dienstag- und Mittwochabend eine <strong>offene Keramikwerkstatt <\/strong>die flexibel genutzt werden kann&nbsp;<\/p>\n\n\n\n<p>35 Euro pro Abend \/ 3 Stunden<\/p>\n\n\n\n<p>enhalten sind<\/p>\n\n\n\n<ul class=\"wp-block-list\">\n<li>Platz an T\u00f6pferscheibe<\/li>\n\n\n\n<li>Materialien (Ton, Glasur, Farben)<\/li>\n\n\n\n<li>Schr\u00fchbrand, Glasurbrand<\/li>\n<\/ul>\n\n\n\n<p style=\"font-size:26px\"><strong>Brennservice<\/strong><\/p>\n\n\n\n<p style=\"font-size:18px\">F\u00fcr eine kleine Auswahl an Personen, die zu Hause t\u00f6pfern und regelm\u00e4\u00dfig St\u00fccke brennen, biete ich einen Keramikbrennservice.<\/p>\n\n\n\n<p><strong>Preise:<\/strong><\/p>\n\n\n\n<p>1 eigene Ofenladung Schr\u00fchbrand 120 Liter: 65 Euro&nbsp;<\/p>\n\n\n\n<p>1 eigene Ofenladung Glasurbrand 120 Liter: 75 Euro&nbsp;<\/p>\n\n\n\n<p>Einzelne St\u00fccke pro angefangenes Kg Schr\u00fchbrand: 5 Euro<\/p>\n\n\n\n<p>Einzelne St\u00fccke pro angefangenes Kg Glasurbrand: 7 Euro<\/p>\n\n\n\n<p><\/p>\n\n\n\n<p><\/p>\n","protected":false},"excerpt":{"rendered":"<p>T\u00f6pferkurse und offene Werkstatt in Stuttgart Ich unterrichte in meiner Keramikwerkstatt in Stuttgart-West Wochenend-, und Abendkurse an der T\u00f6pferscheibe. In den T\u00f6pferkursen lernt man Schritt fu\u0308r Schritt die Grundkenntnisse des Drehto\u0308pferns: den Ton vorbereiten, auf der To\u0308pferscheibe zentrieren und erste&#8230;<\/p>\n<div class=\"more-link-wrapper\"><a class=\"more-link\" href=\"https:\/\/lisameixner.eu\/de\/toepferkurse-in-stuttgart\/\">Weiterlesen<span class=\"screen-reader-text\">T\u00f6pferkurse in Stuttgart &#8211; Offene Keramikwerkstatt in Stuttgart<\/span><\/a><\/div>\n","protected":false},"author":1,"featured_media":0,"parent":0,"menu_order":0,"comment_status":"closed","ping_status":"closed","template":"","meta":{"iawp_total_views":1983,"footnotes":""},"class_list":["post-7683","page","type-page","status-publish","hentry","entry"],"_links":{"self":[{"href":"https:\/\/lisameixner.eu\/de\/wp-json\/wp\/v2\/pages\/7683","targetHints":{"allow":["GET"]}}],"collection":[{"href":"https:\/\/lisameixner.eu\/de\/wp-json\/wp\/v2\/pages"}],"about":[{"href":"https:\/\/lisameixner.eu\/de\/wp-json\/wp\/v2\/types\/page"}],"author":[{"embeddable":true,"href":"https:\/\/lisameixner.eu\/de\/wp-json\/wp\/v2\/users\/1"}],"replies":[{"embeddable":true,"href":"https:\/\/lisameixner.eu\/de\/wp-json\/wp\/v2\/comments?post=7683"}],"version-history":[{"count":115,"href":"https:\/\/lisameixner.eu\/de\/wp-json\/wp\/v2\/pages\/7683\/revisions"}],"predecessor-version":[{"id":10100,"href":"https:\/\/lisameixner.eu\/de\/wp-json\/wp\/v2\/pages\/7683\/revisions\/10100"}],"wp:attachment":[{"href":"https:\/\/lisameixner.eu\/de\/wp-json\/wp\/v2\/media?parent=7683"}],"curies":[{"name":"wp","href":"https:\/\/api.w.org\/{rel}","templated":true}]}}