{"id":6832,"date":"2023-03-04T15:18:47","date_gmt":"2023-03-04T14:18:47","guid":{"rendered":"https:\/\/lisameixner.eu\/online-pottery-lessons-overview\/"},"modified":"2025-03-13T11:06:46","modified_gmt":"2025-03-13T10:06:46","slug":"online-pottery-lessons-overview","status":"publish","type":"page","link":"https:\/\/lisameixner.eu\/de\/online-pottery-lessons-overview\/","title":{"rendered":"Online T\u00f6pferkurse"},"content":{"rendered":"<p style=\"text-align: left;\"><span style=\"font-size: 16pt;\"><strong>Online T\u00f6pferkurse &#8211; Dreht\u00f6pfern Online lernen<\/strong><span style=\"color: #333399;\"><strong><br \/>\n<\/strong><\/span><\/span><\/p>\n<p style=\"text-align: left;\"><span style=\"font-size: 12pt;\"><span style=\"font-size: 14pt;\">Dieser Online-T\u00f6pferkurs ist ein <strong>Videokurs mit dem Sie die Grundlagen des Dreht\u00f6pferns Schritt f\u00fcr Schritt erlernen und selbstst\u00e4ndig an der eigenen Drehscheibe oder in einer offenen T\u00f6pferwerkstatt \u00fcben k\u00f6nnen.<\/strong> <\/span><\/span><\/p>\n<p style=\"text-align: left;\"><span style=\"font-size: 12pt;\"><span style=\"font-size: 14pt;\"><strong>Mit 26 professionellen Video-Tutorials (145 Min.) kann man die Kursinhalte meiner 5 Tage Intensivkurse Dreht\u00f6pfern mit detailierten Anleitungen erlernen:<\/strong> Ton vorbereiten, Zentrieren, Wand hochziehen, hohe Gef\u00e4\u00dfe, Schalen und Teller drehen, Abdrehen und viele andere Tipps und Tricks f\u00fcr die Arbeit an der T\u00f6pferscheibe. Der Online Kurs ist f\u00fcr Anf\u00e4nger*innen und f\u00fcr Fortgeschrittene geeignet, die ihre Kenntnisse auffrischen m\u00f6chten. <strong>Wenn w\u00e4hrend dem Kurs Fragen entstehen, beantworte ich diese pers\u00f6nlich per Email oder Videocall.<\/strong> <\/span><\/span><\/p>\n<p style=\"text-align: left;\"><span style=\"font-size: 12pt;\"><span style=\"font-size: 14pt;\">Kurssprache ist Englisch. Hier k\u00f6nnen Sie in zwei Videos aus dem Kurs &#8222;hineinschnuppern&#8220;: <\/span><\/span><span style=\"font-size: 14pt;\"><br \/>\n<\/span><\/p>\n<p><iframe title=\"Introduction- How to work on the potter&#039;s wheel-1\" src=\"https:\/\/player.vimeo.com\/video\/886369170?dnt=1&amp;app_id=122963\" width=\"500\" height=\"281\" frameborder=\"0\" allow=\"autoplay; fullscreen; picture-in-picture; clipboard-write; encrypted-media\"><\/iframe><\/p>\n<p><iframe src=\"https:\/\/player.vimeo.com\/video\/886364475?dnt=1&amp;app_id=122963\" width=\"500\" height=\"281\" frameborder=\"0\" allow=\"autoplay; fullscreen; picture-in-picture; clipboard-write; encrypted-media\"><\/iframe><\/p>\n<p><span style=\"font-size: 16pt;\"><strong>Was lernt man im Online T\u00f6pferkurs? <\/strong><\/span><\/p>\n<ul>\n<li>Ton vorbereiten, kneten<\/li>\n<li><strong>Ton zentrieren <\/strong><\/li>\n<li>Tipps und Tricks f\u00fcr Probleme beim Zentrieren<\/li>\n<li>Ton \u00f6ffnen<\/li>\n<li><strong>Zylinder hochziehen<\/strong><\/li>\n<li><strong>eine Form gestalten<\/strong><\/li>\n<li>hohe Gef\u00e4\u00dfe (Vasen, Becher) drehen<\/li>\n<li>Schalen drehen<\/li>\n<li>Teller drehen<\/li>\n<li><strong>Abdrehen und das Gestalten des Fussrings<\/strong><\/li>\n<li>Schalen abdrehen<\/li>\n<li>Teller abdrehen<\/li>\n<li><strong>Probleme &#8211; L\u00f6sungen beim Abdrehen<\/strong><\/li>\n<li>Wie man mit einer guten K\u00f6rperhaltung an der T\u00f6pferscheibe arbeitet.<\/li>\n<\/ul>\n<p style=\"text-align: left;\"><a href=\"https:\/\/lisameixner.eu\/produkt\/membership-30-days\/\" target=\"_blank\" rel=\"noopener\"><span style=\"text-decoration: underline;\"><span style=\"font-size: 12pt; color: #333399;\"><strong><span style=\"font-size: 14pt;\"><span style=\"font-size: 16pt;\">30 Tage Online T\u00f6pferkurs 35 Euro<\/span><\/span><\/strong><\/span><\/span><\/a><strong>\u00a0<\/strong><\/p>\n<ul>\n<li><strong>30 Tage Zugang zu 26 professionellen Video-Tutorials (145 Minuten), mit denen man Schritt f\u00fcr Schritt die Grundlagen des Dreht\u00f6pferns lernen und \u00fcben kann.<\/strong><\/li>\n<li>Pers\u00f6nliche Unterst\u00fctzung: w\u00e4hrend der Kursdauer k\u00f6nnen Sie mir <strong>per Email Fragen stellen.<\/strong><\/li>\n<\/ul>\n<p style=\"text-align: left;\"><a href=\"https:\/\/lisameixner.eu\/produkt\/membership-90-days\/\" target=\"_blank\" rel=\"noopener\"><span style=\"text-decoration: underline;\"><span style=\"font-size: 12pt; color: #333399;\"><strong><span style=\"font-size: 14pt;\"><span style=\"font-size: 16pt;\">90 Tage Online T\u00f6pferkurs 95 Euro<\/span><\/span><\/strong><\/span><\/span><\/a><\/p>\n<ul>\n<li><strong>90 Tage Zugang zu 26 professionellen Video-Tutorials (145 Minuten), die Ihnen helfen, die Grundlagen des T\u00f6pferns und Drehens auf der T\u00f6pferscheibe zu erlernen und zu \u00fcben.<\/strong><\/li>\n<li>Pers\u00f6nliche Unterst\u00fctzung: <strong>1 Videocall (45 Minuten), in dem wir Fragen kl\u00e4ren, die beim \u00dcben entstanden sind.<\/strong><\/li>\n<\/ul>\n<p style=\"text-align: left;\"><span style=\"font-size: 16pt;\"><a href=\"https:\/\/lisameixner.eu\/produkt\/membership-12-months\/\" target=\"_blank\" rel=\"noopener\"><span style=\"color: #333399;\"><strong><span style=\"text-decoration: underline;\">12 Monate Online T\u00f6pferkurs 350 Euro<\/span> <\/strong><\/span><\/a><\/span><\/p>\n<ul>\n<li><strong>1 Jahr Zugang zu 26 professionellen Video-Tutorials (145 Min.) <\/strong>mit denen Sie die Grundlagen des T\u00f6pferns auf der T\u00f6pferscheibe <strong>mit detailierten Anleitungen <\/strong>erlernen und \u00fcben k\u00f6nnen: Ton vorbereiten, <strong>Zentrieren<\/strong>, Wand hochziehen, <strong>hohe Gef\u00e4\u00dfe, Schalen und Teller drehen<\/strong>, Abdrehen und viele andere Tipps und Tricks f\u00fcr die Arbeit an der T\u00f6pferscheibe.<\/li>\n<\/ul>\n<p>Kursprache: Englisch<\/p>\n<p><span style=\"font-size: 14pt;\">Wenn Sie Fragen haben schreiben Sie mir bitte an <a href=\"mailto:lisa@lisameixner.eu\"><span style=\"color: #333399;\"><strong>lisa@lisameixner.eu<\/strong><\/span><\/a><\/span><\/p>\n<p><img fetchpriority=\"high\" decoding=\"async\" class=\"aligncenter wp-image-6543\" src=\"https:\/\/lisameixner.eu\/wp-content\/uploads\/Screenshot-2023-08-18-at-11.16.06-e1692351482939.png\" alt=\"\" width=\"700\" height=\"395\" srcset=\"https:\/\/lisameixner.eu\/wp-content\/uploads\/Screenshot-2023-08-18-at-11.16.06-e1692351482939.png 1066w, https:\/\/lisameixner.eu\/wp-content\/uploads\/Screenshot-2023-08-18-at-11.16.06-e1692351482939-1020x575.png 1020w, https:\/\/lisameixner.eu\/wp-content\/uploads\/Screenshot-2023-08-18-at-11.16.06-e1692351482939-768x433.png 768w, https:\/\/lisameixner.eu\/wp-content\/uploads\/Screenshot-2023-08-18-at-11.16.06-e1692351482939-250x141.png 250w, https:\/\/lisameixner.eu\/wp-content\/uploads\/Screenshot-2023-08-18-at-11.16.06-e1692351482939-550x310.png 550w, https:\/\/lisameixner.eu\/wp-content\/uploads\/Screenshot-2023-08-18-at-11.16.06-e1692351482939-800x451.png 800w, https:\/\/lisameixner.eu\/wp-content\/uploads\/Screenshot-2023-08-18-at-11.16.06-e1692351482939-319x180.png 319w, https:\/\/lisameixner.eu\/wp-content\/uploads\/Screenshot-2023-08-18-at-11.16.06-e1692351482939-532x300.png 532w, https:\/\/lisameixner.eu\/wp-content\/uploads\/Screenshot-2023-08-18-at-11.16.06-e1692351482939-887x500.png 887w, https:\/\/lisameixner.eu\/wp-content\/uploads\/Screenshot-2023-08-18-at-11.16.06-e1692351482939-600x338.png 600w\" sizes=\"(max-width: 700px) 100vw, 700px\" \/><\/p>\n<p><img decoding=\"async\" class=\"aligncenter wp-image-6551 size-full\" src=\"https:\/\/lisameixner.eu\/wp-content\/uploads\/Screenshot-2023-08-18-at-11.14.52-e1692351588217.png\" alt=\"\" width=\"1049\" height=\"598\" srcset=\"https:\/\/lisameixner.eu\/wp-content\/uploads\/Screenshot-2023-08-18-at-11.14.52-e1692351588217.png 1049w, https:\/\/lisameixner.eu\/wp-content\/uploads\/Screenshot-2023-08-18-at-11.14.52-e1692351588217-1020x581.png 1020w, https:\/\/lisameixner.eu\/wp-content\/uploads\/Screenshot-2023-08-18-at-11.14.52-e1692351588217-768x438.png 768w, https:\/\/lisameixner.eu\/wp-content\/uploads\/Screenshot-2023-08-18-at-11.14.52-e1692351588217-250x143.png 250w, https:\/\/lisameixner.eu\/wp-content\/uploads\/Screenshot-2023-08-18-at-11.14.52-e1692351588217-550x314.png 550w, https:\/\/lisameixner.eu\/wp-content\/uploads\/Screenshot-2023-08-18-at-11.14.52-e1692351588217-800x456.png 800w, https:\/\/lisameixner.eu\/wp-content\/uploads\/Screenshot-2023-08-18-at-11.14.52-e1692351588217-316x180.png 316w, https:\/\/lisameixner.eu\/wp-content\/uploads\/Screenshot-2023-08-18-at-11.14.52-e1692351588217-526x300.png 526w, https:\/\/lisameixner.eu\/wp-content\/uploads\/Screenshot-2023-08-18-at-11.14.52-e1692351588217-877x500.png 877w, https:\/\/lisameixner.eu\/wp-content\/uploads\/Screenshot-2023-08-18-at-11.14.52-e1692351588217-600x342.png 600w\" sizes=\"(max-width: 1049px) 100vw, 1049px\" \/><\/p>\n","protected":false},"excerpt":{"rendered":"<p>Online T\u00f6pferkurse &#8211; Dreht\u00f6pfern Online lernen Dieser Online-T\u00f6pferkurs ist ein Videokurs mit dem Sie die Grundlagen des Dreht\u00f6pferns Schritt f\u00fcr Schritt erlernen und selbstst\u00e4ndig an der eigenen Drehscheibe oder in einer offenen T\u00f6pferwerkstatt \u00fcben k\u00f6nnen. Mit 26 professionellen Video-Tutorials (145&#8230;<\/p>\n<div class=\"more-link-wrapper\"><a class=\"more-link\" href=\"https:\/\/lisameixner.eu\/de\/online-pottery-lessons-overview\/\">Weiterlesen<span class=\"screen-reader-text\">Online T\u00f6pferkurse<\/span><\/a><\/div>\n","protected":false},"author":1,"featured_media":0,"parent":0,"menu_order":0,"comment_status":"closed","ping_status":"closed","template":"","meta":{"iawp_total_views":1020,"footnotes":""},"class_list":["post-6832","page","type-page","status-publish","hentry","entry"],"_links":{"self":[{"href":"https:\/\/lisameixner.eu\/de\/wp-json\/wp\/v2\/pages\/6832","targetHints":{"allow":["GET"]}}],"collection":[{"href":"https:\/\/lisameixner.eu\/de\/wp-json\/wp\/v2\/pages"}],"about":[{"href":"https:\/\/lisameixner.eu\/de\/wp-json\/wp\/v2\/types\/page"}],"author":[{"embeddable":true,"href":"https:\/\/lisameixner.eu\/de\/wp-json\/wp\/v2\/users\/1"}],"replies":[{"embeddable":true,"href":"https:\/\/lisameixner.eu\/de\/wp-json\/wp\/v2\/comments?post=6832"}],"version-history":[{"count":24,"href":"https:\/\/lisameixner.eu\/de\/wp-json\/wp\/v2\/pages\/6832\/revisions"}],"predecessor-version":[{"id":8542,"href":"https:\/\/lisameixner.eu\/de\/wp-json\/wp\/v2\/pages\/6832\/revisions\/8542"}],"wp:attachment":[{"href":"https:\/\/lisameixner.eu\/de\/wp-json\/wp\/v2\/media?parent=6832"}],"curies":[{"name":"wp","href":"https:\/\/api.w.org\/{rel}","templated":true}]}}