{"id":6018,"date":"2021-05-11T12:10:03","date_gmt":"2021-05-11T10:10:03","guid":{"rendered":"https:\/\/lisameixner.eu\/allgemeine-geschaeftsbedingungen-keramikkurse-lisa-meixner\/"},"modified":"2023-05-24T14:26:52","modified_gmt":"2023-05-24T12:26:52","slug":"allgemeine-geschaeftsbedingungen-keramikkurse-lisa-meixner","status":"publish","type":"page","link":"https:\/\/lisameixner.eu\/de\/allgemeine-geschaeftsbedingungen-keramikkurse-lisa-meixner\/","title":{"rendered":"Allgemeine Gesch\u00e4ftsbedingungen: Keramikkurse Lisa Meixner"},"content":{"rendered":"\n<p class=\"has-text-align-center\"><span style=\"font-size: 12pt;\"><a href=\"https:\/\/lisameixner.eu\/de\/terms-and-conditions-for-ceramic-courses-by-lisa-meixner\/\"><strong>Terms and Conditions in English <\/strong><\/a><\/span><\/p>\n\n\n<div class=\"page\" title=\"Page 1\">\n<div class=\"layoutArea\">\n<div class=\"column\">\n<p><span style=\"font-size: 12pt;\"><strong>Einleitung<\/strong><\/span><\/p>\n<p><span style=\"font-size: 12pt;\"><strong>Die vorliegenden Gescha\u0308ftsbedingungen finden Anwendung auf die zwischen Ihnen und mir, <\/strong><\/span><span style=\"font-size: 12pt;\">Lisa Meixner, <\/span><span style=\"font-size: 12pt;\">Ludwigstra\u00dfe 97,\u00a0 70197 Stuttgart, <a href=\"mailto:lisa@lisameixner.eu\">lisa@lisameixner.eu<\/a><\/span><\/p>\n<\/div>\n<\/div>\n<\/div>\n<p><span style=\"font-size: 12pt;\"><strong>geschlossen Vertr\u00e4ge (nachfolgend Kursbuchungen).<\/strong><\/span><\/p>\n<p><span style=\"font-size: 12pt;\"><strong>Die auf meiner Website <a href=\"https:\/\/lisameixner.eu\/de\/\">www.lisameixner.eu<\/a> angeboten Keramikkurse stellen kein rechtlich bindendes Angebot dar. Sie sind eine Aufforderung zur Vornahme einer Buchung. Eine Kursbuchung kommt wie nachfolgend beschrieben per Email zustande.<\/strong><\/span><\/p>\n<p><span style=\"font-size: 12pt;\"><strong>1. <\/strong><strong>Kursbuchung<\/strong><\/span><\/p>\n<p><span style=\"font-size: 12pt;\"><strong>Die Anmeldung f\u00fcr Keramikkurse erfolgt per Email an lisa@lisameixner.eu.<\/strong><\/span><\/p>\n<ol>\n<li><span style=\"font-size: 12pt;\">Nachdem Sie mich per Email kontaktiert haben und schicke ich Ihnen einen <strong>Downloadlink<\/strong>, mit dem Sie sich auf meiner Homepage ein PDF mit den jeweiligen <strong>Kursinformationen<\/strong> (Preise, Ablauf, Anreise) herunterladen k\u00f6nnen.<\/span><\/li>\n<li><span style=\"font-size: 12pt;\">Daraufhin schreiben Sie mir Ihren <strong>Reisezeitraum<\/strong> bzw. Wunschtermin f\u00fcr den T\u00f6pferkurs.<\/span><\/li>\n<li><span style=\"font-size: 12pt;\">Ich gebe Ihnen dann Bescheid, ob und welchen Kurs ich Ihnen in dem angefragten Zeitraum anbieten kann und <strong>wir kl\u00e4ren alle Fragen<\/strong>, die Sie zum Kurs und zur Anreise haben.<\/span><\/li>\n<li><span style=\"font-size: 12pt;\">Wenn wir uns auf einen <strong>Termin<\/strong> geeinigt haben und Sie den T\u00f6pferkurs <strong>verbindlich <\/strong><strong>buchen<\/strong> m\u00f6chten, schicken Sie mir Ihre <strong>Kontaktdaten<\/strong> (Postanschrift und Mobilfunknummer) <strong>f\u00fcr die Rechnungsstellung<\/strong>.<\/span><\/li>\n<li><span style=\"font-size: 12pt;\">Sie bekommen von mir per Email eine <strong>Vorauszahlungsr<\/strong><strong>echnung<\/strong> zugeschickt und haben danach 7 Tage Zeit, um die Kursgeb\u00fchr auf mein Bankkonto zu \u00fcberweisen. F\u00fcr die Dauer dieser 7 Tage, ab Zusendung der Vorauszahlungsrechnung, ist Ihr Kursplatz vorl\u00e4ufig reserviert. <br \/><\/span><\/li>\n<li><span style=\"font-size: 12pt;\"><strong>Die Buchung des Kursplatzes ist <\/strong><strong>erst <\/strong><strong>nach Eingang der Kursgeb\u00fchr auf mein Bankkonto g\u00fcltig.<\/strong> <strong>Sie erhalten daraufhin Ihre Buchungsbest\u00e4tigung f\u00fcr den T\u00f6pferkurs.<\/strong><\/span><\/li>\n<\/ol>\n<p><span style=\"font-size: 12pt;\"><strong>2. Zahlungsm\u00f6glichkeiten<\/strong><\/span><\/p>\n<p><span style=\"font-size: 12pt;\"><strong>Die Kursgeb\u00fchr <\/strong><strong>ist <\/strong><strong>per Bank\u00fcberweisung <\/strong><strong>bezahlen.<\/strong><\/span><\/p>\n<p><span style=\"font-size: 12pt;\"><strong>3. R\u00fccktritt und Stornierung<\/strong><\/span><\/p>\n<ol>\n<li><span style=\"font-size: 12pt;\"><strong>Sie k\u00f6nnen den gebuchten Kurs jederzeit durch schriftliche Erkl\u00e4rung per Email stornieren.<\/strong> <\/span><span style=\"font-size: 12pt;\">Bei Stornierung bis 14 Tage vor Kursbeginn erfolgt die R\u00fcckzahlung von 100 % der Kursgeb\u00fchr. Sp\u00e4ter eingehende Stornierungen bewirken keine R\u00fcckzahlung. Fernbleiben gilt nicht als K\u00fcndigung.<\/span><\/li>\n<li><span style=\"font-size: 12pt;\">Da die Keramikkurse auf Grund Ihrer einzigartigen und mehrsprachigen Gestaltung nur von mir selbst und in meiner Werkstatt durchgef\u00fchrt werden k\u00f6nnen, ist es m\u00f6glich, dass der Kurs auf Grund von besonderen Umst\u00e4nden (Pandemiegesetze, H\u00f6here Gewalt, \u00dcberschwemmungen, Unwetter, Krankheit oder famili\u00e4re Notf\u00e4lle) abgesagt werden muss. In diesem Fall erhalten Sie umgehend eine Benachrichtigungen. Es wird die volle, angezahlte Kursgeb\u00fchr zur\u00fcckerstattet. Anspr\u00fcche dar\u00fcberhinaus gelten nicht.<\/span><\/li>\n<li><span style=\"font-size: 12pt;\">Gleichzeitig komme ich Ihnen mit bei Stornierungen auf Grund von besondernen Umst\u00e4nden mit sehr flexiblen Stornierungsbedigungen entgegen. <strong>Wenn Ihre Anreise oder die Kursteilnahme auf Grund von besonderen Umst\u00e4nden<\/strong> <strong>(<\/strong><strong>Pandemiegesetze und Reisebeschr\u00e4nkungen<\/strong>, H\u00f6here Gewalt, Krankheit oder famili\u00e4re Notf\u00e4lle) <strong>nicht m\u00f6glich ist gelten folgende au\u00dferordentliche Stornierungsbedigungen:<\/strong> <strong>Bei Stornierung bis 48 Stunden vor Kursbeginn wird die volle Kursgeb\u00fchr zur\u00fcckerstattet.<\/strong><\/span><\/li>\n<\/ol>\n<p><span style=\"font-size: 12pt;\"><strong>4. Zimmerbuchung im Bed&amp;Breakfast <em>Il Calderone<\/em><\/strong><\/span><\/p>\n<p><span style=\"font-size: 12pt;\">Ich empfehle f\u00fcr die Dauer der T\u00f6pferkurse G\u00e4stezimmer im B&amp;B <em>Il Calderone<\/em> zu buchen.<\/span><\/p>\n<p><strong><span style=\"font-size: 12pt;\">Die Buchung und Bezahlung der G\u00e4stezimmern erfolgt getrennt von der Kursbuchung.<\/span><\/strong><\/p>\n<p><span style=\"font-size: 12pt;\">Ich \u00fcbersetze Ihren Buchungswunsch jedoch gerne und leite ihn an die Besitzer des B&amp;B weiter.<\/span><\/p>\n<p><strong><span style=\"font-size: 12pt;\">Die Zimmermiete ist bei Ihrer Anreise (Check-In) im B&amp;B <em>Il Calderone<\/em> zu bezahlen.<\/span><\/strong><\/p>\n<p><span style=\"font-size: 12pt;\">Zimmerbuchungen im B&amp;B Il Calderone k\u00f6nnen bis einen Tag vor der Anreise kostenlos storniert werden.<\/span><\/p>\n<p><strong><span style=\"font-size: 12pt;\">Es ist nicht m\u00f6glich f\u00fcr die Dauer der Kurse zu campen oder im Auto zu \u00fcbernachten, da dies in unserer Gemeinde und in den Nachbargemeinden nicht erlaubt ist.<\/span><\/strong><\/p>\n<p><span style=\"font-size: 12pt;\"><strong>5. <\/strong><strong>Kursteilnahme und Werkstattbenutzung<\/strong><\/span><\/p>\n<ol>\n<li><span style=\"font-size: 12pt;\">W\u00e4hrend des Kurses sind geschlossene, rutschfeste Schuhe und Kleidung zu tragen, die schmutzig werden d\u00fcrfen.<\/span><\/li>\n<li><span style=\"font-size: 12pt;\">Uhren, Schmuck und Ringe m\u00fcssen vor Kursbeginn abgelegt werden und lange Haare mit einem Haarband zur\u00fcckgebunden werden.<\/span><\/li>\n<li><span style=\"font-size: 12pt;\">F\u00fcr mitgebrachte Wertgegenst\u00e4nde haften Sie selbst. Pers\u00f6nliche Gegenst\u00e4nde werden auf eigene Gefahr in die R\u00e4umlichkeiten der Werkstatt gebracht. Ich \u00fcbernehme keine Haftung f\u00fcr Verluste oder Sch\u00e4den an solchen Gegenst\u00e4nden.<\/span><\/li>\n<li><span style=\"font-size: 12pt;\">In der Keramikwerkstatt ist meinen Sicherheitshinweisen und Anleitungen zur Verwendung von Ger\u00e4ten und Werkzeugen Folge zu leisten.<\/span><\/li>\n<li><span style=\"font-size: 12pt;\">Die Benutzung der Wege zur Werkstatt, des Parkplatzes, des Gartens und sonstiger Einrichtungen und Orte au\u00dferhalb der Keramikwerkstatt ist nicht Teil des gebuchten Kurses und erfolgt auf Ihre eigene Gefahr und Verantwortung.<\/span><\/li>\n<li><span style=\"font-size: 12pt;\">Begleitpersonen, Kinder und Hunde d\u00fcrfen nur in Ausnahmef\u00e4llen und nach vorheriger Absprache mit mir zu den Kursen mitgebracht werden.<\/span><\/li>\n<\/ol>\n<p><span style=\"font-size: 12pt;\"><strong>6. <\/strong><strong>Fertigstellung und <\/strong><strong>Versand Ihrer Keramik<\/strong><\/span><\/p>\n<p><span style=\"font-size: 12pt;\">Ihre Keramik wird von mir nach Ende des Kurses gebrannt, gegebenenfalls fertiggestellt und an Ihre Heimatadresse geschickt.<\/span><\/p>\n<p><span style=\"font-size: 12pt;\">Trotz aller Sorgfalt, kann ich keine Verantwortung f\u00fcr die Besch\u00e4digung von Keramikst\u00fccken bei der Fertigstellung oder beim Brand \u00fcbernehmen. Es ist auch m\u00f6glich, dass einzelne St\u00fccke nicht gebrannt werden k\u00f6nnen, wenn sie so gestaltet sind, dass sie meinen Brennofen oder andere Werke w\u00e4hrend des Brands besch\u00e4digen k\u00f6nnten.<\/span><\/p>\n<p><span style=\"font-size: 12pt;\">Die Bearbeitungszeit und der Versand dauern bis zu acht Wochen.<\/span><\/p>\n<p><span style=\"font-size: 12pt;\">Ich verpacke Ihre Keramik sehr sorgf\u00e4ltig und Ihre Sendung kann mit einer Trackingnummer verfolgt werden. Dennoch kann nicht v\u00f6llig ausgeschlossenen werden, dass Pakete auf dem Postweg besch\u00e4digt werden oder verloren gehen.<\/span><\/p>\n<p><span style=\"font-size: 12pt;\">Der in der Kursgeb\u00fchr inbegriffene Standardversand ist nicht versichert. Eine Haftung meinerseits f\u00fcr verlorene oder besch\u00e4digte Keramikpakete ist ausgeschlossenen. Gegen eine zus\u00e4tzliche Geb\u00fchr kann ich Ihre Pakete jedoch gerne versichert verschicken.<\/span><\/p>\n<p><span style=\"font-size: 12pt;\">Stand Mai 2023<\/span><\/p>\n<p><span style=\"font-size: 12pt;\">Gerichtstand Stuttgart. Es gilt deutsches Recht.<\/span><\/p>","protected":false},"excerpt":{"rendered":"<p>Terms and Conditions in English Einleitung Die vorliegenden Gescha\u0308ftsbedingungen finden Anwendung auf die zwischen Ihnen und mir, Lisa Meixner, Ludwigstra\u00dfe 97,\u00a0 70197 Stuttgart, lisa@lisameixner.eu geschlossen Vertr\u00e4ge (nachfolgend Kursbuchungen). Die auf meiner Website www.lisameixner.eu angeboten Keramikkurse stellen kein rechtlich bindendes Angebot&#8230;<\/p>\n<div class=\"more-link-wrapper\"><a class=\"more-link\" href=\"https:\/\/lisameixner.eu\/de\/allgemeine-geschaeftsbedingungen-keramikkurse-lisa-meixner\/\">Weiterlesen<span class=\"screen-reader-text\">Allgemeine Gesch\u00e4ftsbedingungen: Keramikkurse Lisa Meixner<\/span><\/a><\/div>\n","protected":false},"author":1,"featured_media":0,"parent":0,"menu_order":0,"comment_status":"closed","ping_status":"closed","template":"","meta":{"iawp_total_views":163,"footnotes":""},"class_list":["post-6018","page","type-page","status-publish","hentry","entry"],"_links":{"self":[{"href":"https:\/\/lisameixner.eu\/de\/wp-json\/wp\/v2\/pages\/6018","targetHints":{"allow":["GET"]}}],"collection":[{"href":"https:\/\/lisameixner.eu\/de\/wp-json\/wp\/v2\/pages"}],"about":[{"href":"https:\/\/lisameixner.eu\/de\/wp-json\/wp\/v2\/types\/page"}],"author":[{"embeddable":true,"href":"https:\/\/lisameixner.eu\/de\/wp-json\/wp\/v2\/users\/1"}],"replies":[{"embeddable":true,"href":"https:\/\/lisameixner.eu\/de\/wp-json\/wp\/v2\/comments?post=6018"}],"version-history":[{"count":2,"href":"https:\/\/lisameixner.eu\/de\/wp-json\/wp\/v2\/pages\/6018\/revisions"}],"predecessor-version":[{"id":6351,"href":"https:\/\/lisameixner.eu\/de\/wp-json\/wp\/v2\/pages\/6018\/revisions\/6351"}],"wp:attachment":[{"href":"https:\/\/lisameixner.eu\/de\/wp-json\/wp\/v2\/media?parent=6018"}],"curies":[{"name":"wp","href":"https:\/\/api.w.org\/{rel}","templated":true}]}}