{"id":5770,"date":"2020-01-03T15:06:34","date_gmt":"2020-01-03T14:06:34","guid":{"rendered":"https:\/\/lisameixner.eu\/ceramic-courses\/"},"modified":"2026-04-11T12:24:42","modified_gmt":"2026-04-11T10:24:42","slug":"ceramic-courses","status":"publish","type":"page","link":"https:\/\/lisameixner.eu\/de\/ceramic-courses\/","title":{"rendered":"T\u00f6pferkurse in Ligurien"},"content":{"rendered":"<p><span style=\"font-size: 16pt;\"><strong>Ich unterrichte in meiner Keramikwerkstatt 5 Tage und 9 \u2013 12 Tage Intensivkurse Dreht\u00f6pfern und Glasurmalerei. <\/strong><\/span><\/p>\n<p><span style=\"font-size: 16pt;\"><span style=\"font-size: 14pt;\">F\u00fcr die Kurse arbeite ich mit einem <strong>Bed&amp;Breakfast im Nachbardorf <\/strong>zusammen, der in einem liebevoll restaurierten Natursteinhaus Zimmer mit eigenem Bad und K\u00fcchenzeile bietet. <strong>Meine Werkstatt liegt in einem kleinen Bergdorf mit einer wundersch\u00f6nen Aussicht \u00fcber die Seealpen, umgeben von Olivenhainen, die direkt in die angrenzenden W\u00e4lder f\u00fchren.<\/strong> Durch die dicken Natursteinw\u00e4nde unseres Bauernhauses ist die Werkstatt in den Sommermonaten angenehm k\u00fchl. Im Winterhalbjahr wird sie durch einen gem\u00fctlichen Holzofen gew\u00e4rmt.\u00a0<\/span><\/span><\/p>\n<p><span style=\"color: #800080;\"><strong><span style=\"font-size: 14pt;\">Wir haben noch freie Pl\u00e4tze f\u00fcr T\u00f6pferkurse im Zeitraum 20. &#8211; 28. April f\u00fcr 5, 9 oder 12 Tage Kurse. Auch im Juli, August und September 2026 gibt es noch ein paar freie Pl\u00e4tze!\u00a0<\/span><\/strong><\/span><\/p>\n<div class=\"wc-gallery\"><div class='wcflexslider-container wc-gallery-bottomspace-default wc-gallery-clear'><div id='gallery-1' class='gallery wc-gallery-captions-show gallery-link-none wcflexslider wcsliderauto' data-gutter-width='5' data-columns='3' data-hide-controls='false'><ul class='slides'>\n\t\t\t\t<li class='gallery-item gallery-item-position-1 gallery-item-attachment-5192 wcflex-slide-item'>\n\t\t\t\t\t<div class='gallery-icon landscape'>\n\t\t\t\t\t\t<img src='https:\/\/lisameixner.eu\/wp-content\/uploads\/Keramikkurse-22-550x550.jpg' width='550' height='550' alt='' \/>\n\t\t\t\t\t<\/div>\n\t\t\t\t\t<div class='wp-caption-text gallery-caption' style='width:550px;'>\n\t\t\t\t\t<p>\n\t\t\t\t\tFoto: J. Ruatti\n\t\t\t\t\t<\/p>\n\t\t\t\t\t<\/div><\/li>\n\t\t\t\t<li class='gallery-item gallery-item-position-2 gallery-item-attachment-5191 wcflex-slide-item'>\n\t\t\t\t\t<div class='gallery-icon landscape'>\n\t\t\t\t\t\t<img src='https:\/\/lisameixner.eu\/wp-content\/uploads\/Keramikkurse-20-550x550.jpg' width='550' height='550' alt='' \/>\n\t\t\t\t\t<\/div>\n\t\t\t\t\t<div class='wp-caption-text gallery-caption' style='width:550px;'>\n\t\t\t\t\t<p>\n\t\t\t\t\tFoto: J.Ruatti\n\t\t\t\t\t<\/p>\n\t\t\t\t\t<\/div><\/li>\n\t\t\t\t<li class='gallery-item gallery-item-position-3 gallery-item-attachment-5118 wcflex-slide-item'>\n\t\t\t\t\t<div class='gallery-icon landscape'>\n\t\t\t\t\t\t<img src='https:\/\/lisameixner.eu\/wp-content\/uploads\/Keramikkurse-9-1-550x550.jpg' width='550' height='550' alt='' \/>\n\t\t\t\t\t<\/div>\n\t\t\t\t\t<div class='wp-caption-text gallery-caption' style='width:550px;'>\n\t\t\t\t\t<p>\n\t\t\t\t\tSchritt f\u00fcr Schritt werden die Grundkenntnisse des Dreht\u00f6pferns erlernt.        Foto: T. Eaton\n\t\t\t\t\t<\/p>\n\t\t\t\t\t<\/div><\/li>\n\t\t\t\t<li class='gallery-item gallery-item-position-4 gallery-item-attachment-5189 wcflex-slide-item'>\n\t\t\t\t\t<div class='gallery-icon landscape'>\n\t\t\t\t\t\t<img src='https:\/\/lisameixner.eu\/wp-content\/uploads\/Keramikkurse-18-550x550.jpg' width='550' height='550' alt='' \/>\n\t\t\t\t\t<\/div>\n\t\t\t\t\t<div class='wp-caption-text gallery-caption' style='width:550px;'>\n\t\t\t\t\t<p>\n\t\t\t\t\tFoto: J.Ruatti\n\t\t\t\t\t<\/p>\n\t\t\t\t\t<\/div><\/li>\n\t\t\t\t<li class='gallery-item gallery-item-position-5 gallery-item-attachment-5112 wcflex-slide-item'>\n\t\t\t\t\t<div class='gallery-icon landscape'>\n\t\t\t\t\t\t<img src='https:\/\/lisameixner.eu\/wp-content\/uploads\/Keramikkurse-7-550x550.jpg' width='550' height='550' alt='' \/>\n\t\t\t\t\t<\/div>\n\t\t\t\t\t<div class='wp-caption-text gallery-caption' style='width:550px;'>\n\t\t\t\t\t<p>\n\t\t\t\t\tDie Kurse finden in kleinen Gruppen mit max. 4 Personen statt\n\t\t\t\t\t<\/p>\n\t\t\t\t\t<\/div><\/li>\n\t\t\t\t<li class='gallery-item gallery-item-position-6 gallery-item-attachment-5116 wcflex-slide-item'>\n\t\t\t\t\t<div class='gallery-icon landscape'>\n\t\t\t\t\t\t<img src='https:\/\/lisameixner.eu\/wp-content\/uploads\/Keramikkurse-8-550x550.jpg' width='550' height='550' alt='' \/>\n\t\t\t\t\t<\/div>\n\t\t\t\t\t<div class='wp-caption-text gallery-caption' style='width:550px;'>\n\t\t\t\t\t<p>\n\t\t\t\t\tF\u00fcr jeden gibt es eine eigene T\u00f6pferscheibe zum \u00dcben.        Foto: T. Eaton\n\t\t\t\t\t<\/p>\n\t\t\t\t\t<\/div><\/li>\n\t\t\t\t<li class='gallery-item gallery-item-position-7 gallery-item-attachment-5190 wcflex-slide-item'>\n\t\t\t\t\t<div class='gallery-icon landscape'>\n\t\t\t\t\t\t<img src='https:\/\/lisameixner.eu\/wp-content\/uploads\/Keramikkurse-19-550x550.jpg' width='550' height='550' alt='' \/>\n\t\t\t\t\t<\/div>\n\t\t\t\t\t<div class='wp-caption-text gallery-caption' style='width:550px;'>\n\t\t\t\t\t<p>\n\t\t\t\t\tFoto: J. Ruatti\n\t\t\t\t\t<\/p>\n\t\t\t\t\t<\/div><\/li>\n\t\t\t\t<li class='gallery-item gallery-item-position-8 gallery-item-attachment-5122 wcflex-slide-item'>\n\t\t\t\t\t<div class='gallery-icon landscape'>\n\t\t\t\t\t\t<img src='https:\/\/lisameixner.eu\/wp-content\/uploads\/Keramikkurse-17-550x550.jpg' width='550' height='550' alt='' \/>\n\t\t\t\t\t<\/div>\n\t\t\t\t\t<div class='wp-caption-text gallery-caption' style='width:550px;'>\n\t\t\t\t\t<p>\n\t\t\t\t\tDie Aussicht von der T\u00f6pferwerkstatt.\n\t\t\t\t\t<\/p>\n\t\t\t\t\t<\/div><\/li>\n\t\t\t\t<li class='gallery-item gallery-item-position-9 gallery-item-attachment-7488 wcflex-slide-item'>\n\t\t\t\t\t<div class='gallery-icon landscape'>\n\t\t\t\t\t\t<img src='https:\/\/lisameixner.eu\/wp-content\/uploads\/Foto-BB-550x413.jpg' width='550' height='413' alt='' \/>\n\t\t\t\t\t<\/div>\n\t\t\t\t\t<div class='wp-caption-text gallery-caption' style='width:550px;'>\n\t\t\t\t\t<p>\n\t\t\t\t\tBlick von der Terasse des B&#038;B\n\t\t\t\t\t<\/p>\n\t\t\t\t\t<\/div><\/li>\n\t\t\t\t<li class='gallery-item gallery-item-position-10 gallery-item-attachment-5346 wcflex-slide-item'>\n\t\t\t\t\t<div class='gallery-icon landscape'>\n\t\t\t\t\t\t<img src='https:\/\/lisameixner.eu\/wp-content\/uploads\/Kurse_22_7-1-550x550.jpg' width='550' height='550' alt='' \/>\n\t\t\t\t\t<\/div><\/li>\n\t\t\t\t<li class='gallery-item gallery-item-position-11 gallery-item-attachment-5345 wcflex-slide-item'>\n\t\t\t\t\t<div class='gallery-icon landscape'>\n\t\t\t\t\t\t<img src='https:\/\/lisameixner.eu\/wp-content\/uploads\/Kurse_22_6-1-550x550.jpg' width='550' height='550' alt='' \/>\n\t\t\t\t\t<\/div><\/li>\n\t\t\t\t<li class='gallery-item gallery-item-position-12 gallery-item-attachment-5103 wcflex-slide-item'>\n\t\t\t\t\t<div class='gallery-icon landscape'>\n\t\t\t\t\t\t<img src='https:\/\/lisameixner.eu\/wp-content\/uploads\/56622534_2170200683100506_7778577800490909696_n-550x550.jpg' width='550' height='550' alt='' \/>\n\t\t\t\t\t<\/div>\n\t\t\t\t\t<div class='wp-caption-text gallery-caption' style='width:550px;'>\n\t\t\t\t\t<p>\n\t\t\t\t\tIm Winterhalbjahr wird die Werkstatt von einem gem\u00fctlichen Holzofen gew\u00e4rmt.\n\t\t\t\t\t<\/p>\n\t\t\t\t\t<\/div><\/li>\n\t\t\t\t<li class='gallery-item gallery-item-position-13 gallery-item-attachment-5341 wcflex-slide-item'>\n\t\t\t\t\t<div class='gallery-icon landscape'>\n\t\t\t\t\t\t<img src='https:\/\/lisameixner.eu\/wp-content\/uploads\/Kurse_22_1-1-550x550.jpg' width='550' height='550' alt='' \/>\n\t\t\t\t\t<\/div><\/li>\n\t\t\t\t<li class='gallery-item gallery-item-position-14 gallery-item-attachment-5342 wcflex-slide-item'>\n\t\t\t\t\t<div class='gallery-icon landscape'>\n\t\t\t\t\t\t<img src='https:\/\/lisameixner.eu\/wp-content\/uploads\/Kurse_22_3-1-550x550.jpg' width='550' height='550' alt='' \/>\n\t\t\t\t\t<\/div><\/li>\n\t\t\t\t<li class='gallery-item gallery-item-position-15 gallery-item-attachment-5343 wcflex-slide-item'>\n\t\t\t\t\t<div class='gallery-icon landscape'>\n\t\t\t\t\t\t<img src='https:\/\/lisameixner.eu\/wp-content\/uploads\/Kurse_22_4-1-550x550.jpg' width='550' height='550' alt='' \/>\n\t\t\t\t\t<\/div><\/li>\n\t\t\t\t<li class='gallery-item gallery-item-position-16 gallery-item-attachment-5115 wcflex-slide-item'>\n\t\t\t\t\t<div class='gallery-icon landscape'>\n\t\t\t\t\t\t<img src='https:\/\/lisameixner.eu\/wp-content\/uploads\/Keramikkurse-10-550x550.jpg' width='550' height='550' alt='' \/>\n\t\t\t\t\t<\/div>\n\t\t\t\t\t<div class='wp-caption-text gallery-caption' style='width:550px;'>\n\t\t\t\t\t<p>\n\t\t\t\t\tDer B&#038;B bietet Zimmer mit eigenem Bad und K\u00fcchenzeile. Es wird vegan-biologische K\u00fcche serviert. \n\t\t\t\t\t<\/p>\n\t\t\t\t\t<\/div><\/li>\n\t\t\t\t<li class='gallery-item gallery-item-position-17 gallery-item-attachment-5119 wcflex-slide-item'>\n\t\t\t\t\t<div class='gallery-icon landscape'>\n\t\t\t\t\t\t<img src='https:\/\/lisameixner.eu\/wp-content\/uploads\/Keramikkurse-13-550x550.jpg' width='550' height='550' alt='' \/>\n\t\t\t\t\t<\/div>\n\t\t\t\t\t<div class='wp-caption-text gallery-caption' style='width:550px;'>\n\t\t\t\t\t<p>\n\t\t\t\t\tDie Terrasse des B&#038;B Il Calderone bietet eine wundersch\u00f6ne Aussicht \u00fcber die ligurischen Seealpen. \n\t\t\t\t\t<\/p>\n\t\t\t\t\t<\/div><\/li>\n\t\t\t\t<li class='gallery-item gallery-item-position-18 gallery-item-attachment-5120 wcflex-slide-item'>\n\t\t\t\t\t<div class='gallery-icon landscape'>\n\t\t\t\t\t\t<img src='https:\/\/lisameixner.eu\/wp-content\/uploads\/Keramikkurse-14-550x550.jpg' width='550' height='550' alt='' \/>\n\t\t\t\t\t<\/div>\n\t\t\t\t\t<div class='wp-caption-text gallery-caption' style='width:550px;'>\n\t\t\t\t\t<p>\n\t\t\t\t\tIn den Zimmern gibt es eine K\u00fcchenzeile mit Herd und K\u00fchlschrank, so dass man sich auch selbst versorgen kann. \n\t\t\t\t\t<\/p>\n\t\t\t\t\t<\/div><\/li>\n\t\t\t\t<li class='gallery-item gallery-item-position-19 gallery-item-attachment-5109 wcflex-slide-item'>\n\t\t\t\t\t<div class='gallery-icon landscape'>\n\t\t\t\t\t\t<img src='https:\/\/lisameixner.eu\/wp-content\/uploads\/esterni_terrazza_con_tavolino-550x550.jpg' width='550' height='550' alt='' \/>\n\t\t\t\t\t<\/div>\n\t\t\t\t\t<div class='wp-caption-text gallery-caption' style='width:550px;'>\n\t\t\t\t\t<p>\n\t\t\t\t\tTerrasse des Bed&#038;Breakfast\n\t\t\t\t\t<\/p>\n\t\t\t\t\t<\/div><\/li>\n\t\t\t\t<li class='gallery-item gallery-item-position-20 gallery-item-attachment-5144 wcflex-slide-item'>\n\t\t\t\t\t<div class='gallery-icon landscape'>\n\t\t\t\t\t\t<img src='https:\/\/lisameixner.eu\/wp-content\/uploads\/Keramikkurse-6-1-550x550.jpg' width='550' height='550' alt='' \/>\n\t\t\t\t\t<\/div>\n\t\t\t\t\t<div class='wp-caption-text gallery-caption' style='width:550px;'>\n\t\t\t\t\t<p>\n\t\t\t\t\tFoto: T.Eaton\n\t\t\t\t\t<\/p>\n\t\t\t\t\t<\/div><\/li><\/ul><\/div>\n<\/div>\n<\/div>\n<p><span style=\"font-size: 14pt;\"><strong><span style=\"color: #800080;\">Unsere Stornierungsbedigungen sind sehr flexibel, <\/span><\/strong><span style=\"color: #800080;\">so dass man bis kurz vor der Anreise stornieren kann. <\/span>\u00a0<\/span><\/p>\n<p><span style=\"font-size: 14pt;\"><strong>Ich unterrichte auch <a href=\"https:\/\/lisameixner.eu\/pottery-courses-in-stuttgart\/\">T\u00f6pferkurse in Stuttgart<\/a> <\/strong><strong>und hier geht es zu meinen<\/strong> <\/span><strong><a href=\"https:\/\/lisameixner.eu\/de\/online-pottery-lessons-overview\/\"><span style=\"font-size: 14pt;\">Online T\u00f6pferkursen!<\/span><\/a><\/strong><\/p>\n<p><span style=\"font-size: 14pt;\"><strong><span style=\"font-size: 18pt; color: #333399;\">5 Tage Intensiv-Kurs Dreht\u00f6pfern und Engobentechnik<\/span><br \/><\/strong><\/span><\/p>\n<p><img fetchpriority=\"high\" decoding=\"async\" class=\"aligncenter size-large wp-image-7504\" src=\"https:\/\/lisameixner.eu\/wp-content\/uploads\/\/Wheelthrowing-1020x708.jpg\" alt=\"\" width=\"1020\" height=\"708\" srcset=\"https:\/\/lisameixner.eu\/wp-content\/uploads\/Wheelthrowing-1020x708.jpg 1020w, https:\/\/lisameixner.eu\/wp-content\/uploads\/Wheelthrowing-768x533.jpg 768w, https:\/\/lisameixner.eu\/wp-content\/uploads\/Wheelthrowing-1536x1066.jpg 1536w, https:\/\/lisameixner.eu\/wp-content\/uploads\/Wheelthrowing-250x173.jpg 250w, https:\/\/lisameixner.eu\/wp-content\/uploads\/Wheelthrowing-550x382.jpg 550w, https:\/\/lisameixner.eu\/wp-content\/uploads\/Wheelthrowing-800x555.jpg 800w, https:\/\/lisameixner.eu\/wp-content\/uploads\/Wheelthrowing-259x180.jpg 259w, https:\/\/lisameixner.eu\/wp-content\/uploads\/Wheelthrowing-432x300.jpg 432w, https:\/\/lisameixner.eu\/wp-content\/uploads\/Wheelthrowing-721x500.jpg 721w, https:\/\/lisameixner.eu\/wp-content\/uploads\/Wheelthrowing-600x416.jpg 600w, https:\/\/lisameixner.eu\/wp-content\/uploads\/Wheelthrowing.jpg 1800w\" sizes=\"(max-width: 1020px) 100vw, 1020px\" \/><\/p>\n<p><span style=\"font-size: 14pt;\">In diesem Intensivkurs werden Schritt f\u00fcr Schritt die <strong>Grundkenntnisse des Dreht\u00f6pferns<\/strong> erlernt: den Ton vorbereiten, auf der T\u00f6pferscheibe zentrieren und erste kleine Gef\u00e4\u00dfe formen. Wir arbeiten mit Tonerde aus Montelupo bei Florenz, die sich besonders gut f\u00fcr das Drehen auf der T\u00f6pferscheibe eignet und mit <strong>Engobentechnik<\/strong> auf vielf\u00e4ltige Weise bemalt und dekoriert werden kann. <\/span><\/p>\n<p><span style=\"font-size: 14pt;\">Die Kurse finden <strong>in kleinen Gruppen mit maximal 4 Personen<\/strong> statt. F\u00fcr jeden gibt es eine <strong>eigene T\u00f6pferscheibe zum \u00dcben<\/strong>. Wir arbeiten <strong>in einer entspannten und gleichzeitig konzentrierten Atmosph\u00e4re<\/strong>, so dass jeder in seinem Tempo in den Gestaltungsrythmus an der T\u00f6pferscheibe findet. <\/span><\/p>\n<p><span style=\"font-size: 14pt;\">Der Kurs ist f\u00fcr Anf\u00e4nger, aber auch f\u00fcr alle, die schon einmal get\u00f6pfert haben und ihre Kenntnisse auffrischen m\u00f6chten. <\/span><\/p>\n<p><span style=\"color: #333399;\"><strong>Wir haben noch freie Kurspl\u00e4tze f\u00fcr 5 Tage in den Osterferien und im Sommer 2026.\u00a0<\/strong><\/span><\/p>\n<p><span style=\"font-size: 14pt;\"><strong>Ich schicke Ihnen gerne alle weiteren Informationen (Preise, Kurstermine, Ablauf, Anreise, Unterkunft usw.) per Email.<\/strong><\/span><\/p>\n<p style=\"text-align: right;\"><span style=\"font-size: 14pt;\"><strong><span style=\"color: #333399;\">Information&amp;Buchung: <a style=\"color: #333399;\" href=\"mailto:info@lisameixner.eu\">info@lisameixner.eu<\/a><\/span><\/strong><\/span><\/p>\n<p style=\"text-align: right;\"><span style=\"font-size: 10pt;\"><a href=\"https:\/\/lisameixner.eu\/de\/terms-and-conditions-for-ceramic-courses-by-lisa-meixner\/\"><span style=\"color: #333399;\">Allgemeine Gesch\u00e4ftsbedingungen f\u00fcr Kursbuchungen<\/span><\/a><\/span><\/p>\n<p><strong><span style=\"font-size: 18pt; color: #333399;\">9 Tage und 12 Tage Intensiv-Kurse Dreht\u00f6pfern und Glasurmalerei<\/span><\/strong><\/p>\n<p><img decoding=\"async\" class=\"aligncenter size-large wp-image-7502\" src=\"https:\/\/lisameixner.eu\/wp-content\/uploads\/\/studio-2-1-1020x749.jpg\" alt=\"\" width=\"1020\" height=\"749\" srcset=\"https:\/\/lisameixner.eu\/wp-content\/uploads\/studio-2-1-1020x749.jpg 1020w, https:\/\/lisameixner.eu\/wp-content\/uploads\/studio-2-1-768x564.jpg 768w, https:\/\/lisameixner.eu\/wp-content\/uploads\/studio-2-1-1536x1127.jpg 1536w, https:\/\/lisameixner.eu\/wp-content\/uploads\/studio-2-1-250x183.jpg 250w, https:\/\/lisameixner.eu\/wp-content\/uploads\/studio-2-1-550x404.jpg 550w, https:\/\/lisameixner.eu\/wp-content\/uploads\/studio-2-1-800x587.jpg 800w, https:\/\/lisameixner.eu\/wp-content\/uploads\/studio-2-1-245x180.jpg 245w, https:\/\/lisameixner.eu\/wp-content\/uploads\/studio-2-1-409x300.jpg 409w, https:\/\/lisameixner.eu\/wp-content\/uploads\/studio-2-1-681x500.jpg 681w, https:\/\/lisameixner.eu\/wp-content\/uploads\/studio-2-1-600x440.jpg 600w, https:\/\/lisameixner.eu\/wp-content\/uploads\/studio-2-1.jpg 1800w\" sizes=\"(max-width: 1020px) 100vw, 1020px\" \/><\/p>\n<p><span style=\"font-size: 14pt;\">In diesen Kursen befassen wir uns auf vertiefende Weise mit der Kunst der T\u00f6pfertechniken. Die Grundkenntnisse des Dreht\u00f6pferns und das Glasieren und Gestalten von Keramik mit Majolika und Engobentechnik werden in einer entspannten und gleichzeitig konzentrierten Atmosph\u00e4re gelernt. Die 9, 10 und 12 Tage Kurse bieten viel Zeit das Gelernte zu \u00fcben und anzuwenden und erm\u00f6glichen, dass man <strong>den gesamten Prozess der Keramikherstellung <\/strong>einschlie\u00dflich des Schr\u00fch-und Glasurbrands, sowie das Einr\u00e4umen des Brennofens<strong> miterleben und erlernen<\/strong> kann<\/span><\/p>\n<p><span style=\"font-size: 14pt;\">Die selbst gedrehten Gef\u00e4\u00dfe k\u00f6nnen w\u00e4hrend des Aufenthalts gebrannt und mit Farben und Glasuren fertig gestellt werden. Der Kurs ist f\u00fcr Anf\u00e4nger, aber auch f\u00fcr alle, die schon einmal get\u00f6pfert haben und ihre Kenntnisse auffrischen m\u00f6chten.<\/span><\/p>\n<p><span style=\"color: #333399;\"><strong>Wir haben noch freie Kurspl\u00e4tze f\u00fcr 9 &#8211; 12 Tage im April und im Sommer 2026!\u00a0<\/strong><\/span><\/p>\n<p style=\"text-align: right;\"><span style=\"font-size: 14pt;\"><strong>Ich schicke Ihnen gerne alle weiteren Informationen (Preise, Kurstermine, Ablauf, Anreise, Unterkunft usw.) per Email.<\/strong><\/span><\/p>\n<p style=\"text-align: right;\"><span style=\"color: #333399; font-size: 14pt;\"><strong>Information&amp;Buchung:<\/strong> <\/span><a href=\"mailto:info@lisameixner.eu\"><strong><span style=\"color: #333399; font-size: 14pt;\">info@lisameixner.eu<\/span><\/strong><\/a><\/p>\n<p style=\"text-align: right;\"><a href=\"https:\/\/lisameixner.eu\/de\/terms-and-conditions-for-ceramic-courses-by-lisa-meixner\/\"><span style=\"color: #333399; font-size: 10pt;\">Allgemeine Gesch\u00e4ftsbedingungen f\u00fcr Kursbuchungen<\/span><\/a><\/p>\n<p><strong>\u00a0<\/strong><span style=\"font-size: 18pt;\"><strong>Was andere sagen: <\/strong><\/span>\u201eDer T\u00f6pferkurs bei Lisa war meine erste Erfahrung mit dem Dreht\u00f6pfern. Lisa ist eine tolle Lehrerin und begleitet individuell je nach Vorkenntnissen bzw. Bedarf den Erfahrungs-\/Lernprozess. Der Kurs war eine tolle und unvergessliche Erfahrung f\u00fcr mich. Die kleine Gruppengr\u00f6\u00dfe machte auch ein konzentriertes Arbeiten m\u00f6glich, es war einfach alles rundum perfekt. Das T\u00f6pferstudio liegt wundersch\u00f6n und idyllisch in einem kleinen ligurischen Bergdorf. Von dem im Nachbardorf gelegenen B&amp;B ist die Werkstatt zu Fuss oder mit dem Auto erreichbar. Das B&amp;B ist ebenfalls sehr besonders, von der wundersch\u00f6nen Terrasse hat man einem unglaublichen Blick \u00fcber die Berge, bis zum Meer. Alles in allem ein einmaliges Arrangement und besonderes Erlebnis.\u201c<\/p>\n<div><em>Claudia aus D-Konstanz, April 2024<\/em><\/div>\n<div>\u00a0<\/div>\n<div>Hier k\u00f6nnen Sie weitere <span style=\"font-size: 16pt; color: #333399;\"><a style=\"color: #333399;\" href=\"https:\/\/lisameixner.eu\/de\/feedbacks\/\"><strong>Feedbacks lesen und in den Kursen entstandene Keramik anschauen.<\/strong><\/a><\/span><\/div>\n<div>\u00a0<\/div>\n<div>\n<figure id=\"attachment_7488\" aria-describedby=\"caption-attachment-7488\" style=\"width: 1020px\" class=\"wp-caption aligncenter\"><img decoding=\"async\" class=\"size-large wp-image-7488\" src=\"https:\/\/lisameixner.eu\/wp-content\/uploads\/\/Foto-BB-1020x765.jpg\" alt=\"\" width=\"1020\" height=\"765\" srcset=\"https:\/\/lisameixner.eu\/wp-content\/uploads\/Foto-BB-1020x765.jpg 1020w, https:\/\/lisameixner.eu\/wp-content\/uploads\/Foto-BB-768x576.jpg 768w, https:\/\/lisameixner.eu\/wp-content\/uploads\/Foto-BB-250x188.jpg 250w, https:\/\/lisameixner.eu\/wp-content\/uploads\/Foto-BB-550x413.jpg 550w, https:\/\/lisameixner.eu\/wp-content\/uploads\/Foto-BB-800x600.jpg 800w, https:\/\/lisameixner.eu\/wp-content\/uploads\/Foto-BB-240x180.jpg 240w, https:\/\/lisameixner.eu\/wp-content\/uploads\/Foto-BB-400x300.jpg 400w, https:\/\/lisameixner.eu\/wp-content\/uploads\/Foto-BB-667x500.jpg 667w, https:\/\/lisameixner.eu\/wp-content\/uploads\/Foto-BB-600x450.jpg 600w, https:\/\/lisameixner.eu\/wp-content\/uploads\/Foto-BB.jpg 1500w\" sizes=\"(max-width: 1020px) 100vw, 1020px\" \/><figcaption id=\"caption-attachment-7488\" class=\"wp-caption-text\">Blick von der Terasse des B&amp;B<\/figcaption><\/figure>\n<\/div>\n\n\n<p><\/p>\n","protected":false},"excerpt":{"rendered":"<p>Ich unterrichte in meiner Keramikwerkstatt 5 Tage und 9 \u2013 12 Tage Intensivkurse Dreht\u00f6pfern und Glasurmalerei. F\u00fcr die Kurse arbeite ich mit einem Bed&amp;Breakfast im Nachbardorf zusammen, der in einem liebevoll restaurierten Natursteinhaus Zimmer mit eigenem Bad und K\u00fcchenzeile bietet.&#8230;<\/p>\n<div class=\"more-link-wrapper\"><a class=\"more-link\" href=\"https:\/\/lisameixner.eu\/de\/ceramic-courses\/\">Weiterlesen<span class=\"screen-reader-text\">T\u00f6pferkurse in Ligurien<\/span><\/a><\/div>\n","protected":false},"author":1,"featured_media":0,"parent":0,"menu_order":0,"comment_status":"closed","ping_status":"closed","template":"","meta":{"iawp_total_views":4199,"footnotes":""},"class_list":["post-5770","page","type-page","status-publish","hentry","entry"],"_links":{"self":[{"href":"https:\/\/lisameixner.eu\/de\/wp-json\/wp\/v2\/pages\/5770","targetHints":{"allow":["GET"]}}],"collection":[{"href":"https:\/\/lisameixner.eu\/de\/wp-json\/wp\/v2\/pages"}],"about":[{"href":"https:\/\/lisameixner.eu\/de\/wp-json\/wp\/v2\/types\/page"}],"author":[{"embeddable":true,"href":"https:\/\/lisameixner.eu\/de\/wp-json\/wp\/v2\/users\/1"}],"replies":[{"embeddable":true,"href":"https:\/\/lisameixner.eu\/de\/wp-json\/wp\/v2\/comments?post=5770"}],"version-history":[{"count":129,"href":"https:\/\/lisameixner.eu\/de\/wp-json\/wp\/v2\/pages\/5770\/revisions"}],"predecessor-version":[{"id":10108,"href":"https:\/\/lisameixner.eu\/de\/wp-json\/wp\/v2\/pages\/5770\/revisions\/10108"}],"wp:attachment":[{"href":"https:\/\/lisameixner.eu\/de\/wp-json\/wp\/v2\/media?parent=5770"}],"curies":[{"name":"wp","href":"https:\/\/api.w.org\/{rel}","templated":true}]}}