{"id":3011,"date":"2020-12-10T17:09:51","date_gmt":"2020-12-10T16:09:51","guid":{"rendered":"https:\/\/lisameixner.eu\/?page_id=3011"},"modified":"2025-07-22T16:43:20","modified_gmt":"2025-07-22T14:43:20","slug":"impressum","status":"publish","type":"page","link":"https:\/\/lisameixner.eu\/de\/impressum\/","title":{"rendered":"Impressum \/ Credits Lisa Meixner"},"content":{"rendered":"<p style=\"text-align: left;\"><span style=\"font-size: 12pt;\"><strong>Homepage Betreiberin \/ Publisher:<\/strong><\/span><\/p>\n<p style=\"text-align: left;\"><span style=\"font-size: 12pt;\">Lisa Meixner<\/span><\/p>\n<p style=\"text-align: left;\"><span style=\"font-size: 12pt;\">Selbstst\u00e4ndige Bildende K\u00fcnstlerin \/ Visual Artist<br \/>\n<\/span><\/p>\n<p><span style=\"font-size: 12pt;\"><strong>Adresse:<\/strong> <\/span><\/p>\n<p><span style=\"font-size: 12pt;\">Ludwigstra\u00dfe 97<\/span><\/p>\n<p><span style=\"font-size: 12pt;\">70197 Stuttgart<\/span><\/p>\n<p><span style=\"font-size: 12pt;\"><strong>Telefonnummer:<\/strong> <\/span><\/p>\n<p><span style=\"font-size: 12pt;\">0049 157 76416783<\/span><\/p>\n<p><span style=\"font-size: 12pt;\"><strong>Emailadresse:<\/strong> <\/span><\/p>\n<p><span style=\"font-size: 12pt;\">lisa@lisameixner.eu<\/span><\/p>\n<p><span style=\"font-size: 12pt;\"><strong>Umsatzsteuer-ID \/ Partita IVA: <\/strong><\/span><\/p>\n<p><span style=\"font-size: 12pt;\">DE 340746170<\/span><\/p>\n<div class=\"page\" title=\"Page 1\">\n<div class=\"layoutArea\">\n<div class=\"column\">\n<p><span style=\"font-size: 12pt;\">IT 00297839995<\/span><\/p>\n<\/div>\n<\/div>\n<\/div>\n<p><span style=\"font-size: 12pt;\"><strong>Verantwortlich f\u00fcr redaktionelle Inhalte gem\u00e4\u00df \u00a7 55 Abs.2 RStV: <\/strong><\/span><\/p>\n<p><span style=\"font-size: 12pt;\">Lisa Meixner (Adresse siehe oben)<\/span><\/p>\n<p><strong><span style=\"font-size: 12pt;\">Dieses Impressum gilt auch f\u00fcr Lisa Meixners Social Media Profile:<\/span><\/strong><\/p>\n<p><span style=\"font-size: 12pt;\">https:\/\/www.facebook.com\/lisa.meixner.142<\/span><\/p>\n<p><span style=\"font-size: 12pt;\">https:\/\/www.instagram.com\/lisameixner_\/<\/span><\/p>\n<p><span style=\"font-size: 12pt;\">https:\/\/vimeo.com\/lisameixner<\/span><\/p>\n","protected":false},"excerpt":{"rendered":"<p>Homepage Betreiberin \/ Publisher: Lisa Meixner Selbstst\u00e4ndige Bildende K\u00fcnstlerin \/ Visual Artist Adresse: Ludwigstra\u00dfe 97 70197 Stuttgart Telefonnummer: 0049 157 76416783 Emailadresse: lisa@lisameixner.eu Umsatzsteuer-ID \/ Partita IVA: DE 340746170 IT 00297839995 Verantwortlich f\u00fcr redaktionelle Inhalte gem\u00e4\u00df \u00a7 55 Abs.2 RStV:&#8230;<\/p>\n<div class=\"more-link-wrapper\"><a class=\"more-link\" href=\"https:\/\/lisameixner.eu\/de\/impressum\/\">Weiterlesen<span class=\"screen-reader-text\">Impressum \/ Credits Lisa Meixner<\/span><\/a><\/div>\n","protected":false},"author":1,"featured_media":0,"parent":0,"menu_order":0,"comment_status":"closed","ping_status":"closed","template":"","meta":{"iawp_total_views":181,"footnotes":""},"class_list":["post-3011","page","type-page","status-publish","hentry","entry"],"_links":{"self":[{"href":"https:\/\/lisameixner.eu\/de\/wp-json\/wp\/v2\/pages\/3011","targetHints":{"allow":["GET"]}}],"collection":[{"href":"https:\/\/lisameixner.eu\/de\/wp-json\/wp\/v2\/pages"}],"about":[{"href":"https:\/\/lisameixner.eu\/de\/wp-json\/wp\/v2\/types\/page"}],"author":[{"embeddable":true,"href":"https:\/\/lisameixner.eu\/de\/wp-json\/wp\/v2\/users\/1"}],"replies":[{"embeddable":true,"href":"https:\/\/lisameixner.eu\/de\/wp-json\/wp\/v2\/comments?post=3011"}],"version-history":[{"count":23,"href":"https:\/\/lisameixner.eu\/de\/wp-json\/wp\/v2\/pages\/3011\/revisions"}],"predecessor-version":[{"id":8928,"href":"https:\/\/lisameixner.eu\/de\/wp-json\/wp\/v2\/pages\/3011\/revisions\/8928"}],"wp:attachment":[{"href":"https:\/\/lisameixner.eu\/de\/wp-json\/wp\/v2\/media?parent=3011"}],"curies":[{"name":"wp","href":"https:\/\/api.w.org\/{rel}","templated":true}]}}